{"id":256153,"date":"2020-12-07T12:35:21","date_gmt":"2020-12-07T11:35:21","guid":{"rendered":"https:\/\/www.cufmilano.com\/dealers\/"},"modified":"2023-06-23T09:36:32","modified_gmt":"2023-06-23T07:36:32","slug":"les-concessionaires","status":"publish","type":"page","link":"https:\/\/www.cufmilano.com\/fr\/les-concessionaires\/","title":{"rendered":"Les Concessionaires"},"content":{"rendered":"<p>[et_pb_section fb_built=\u00a0\u00bb1&Prime; admin_label=\u00a0\u00bbHeader\u00a0\u00bb _builder_version=\u00a0\u00bb4.16&Prime; custom_margin=\u00a0\u00bb0px|0px|80px|0px|false|true\u00a0\u00bb custom_margin_tablet=\u00a0\u00bb0px|0px|0px|0px|false|true\u00a0\u00bb custom_margin_phone=\u00a0\u00bb\u00a0\u00bb custom_margin_last_edited=\u00a0\u00bbon|desktop\u00a0\u00bb custom_padding=\u00a0\u00bb0px|0px|0px|0px|false|false\u00a0\u00bb locked=\u00a0\u00bboff\u00a0\u00bb global_colors_info=\u00a0\u00bb{}\u00a0\u00bb background_enable_image=\u00a0\u00bboff\u00a0\u00bb][et_pb_row _builder_version=\u00a0\u00bb4.16&Prime; module_alignment=\u00a0\u00bbcenter\u00a0\u00bb custom_margin=\u00a0\u00bb2vh||4vh||false|false\u00a0\u00bb custom_padding=\u00a0\u00bb||0px||false|false\u00a0\u00bb locked=\u00a0\u00bboff\u00a0\u00bb global_colors_info=\u00a0\u00bb{}\u00a0\u00bb][et_pb_column type=\u00a0\u00bb4_4&Prime; _builder_version=\u00a0\u00bb4.16&Prime; custom_padding=\u00a0\u00bb|||\u00a0\u00bb global_colors_info=\u00a0\u00bb{}\u00a0\u00bb custom_padding__hover=\u00a0\u00bb|||\u00a0\u00bb][et_pb_text admin_label=\u00a0\u00bbTitle\u00a0\u00bb _builder_version=\u00a0\u00bb4.17.6&Prime; text_font=\u00a0\u00bb||||\u00a0\u00bb text_text_color=\u00a0\u00bb#1a1a1a\u00a0\u00bb header_font=\u00a0\u00bb|700|||||||\u00a0\u00bb header_text_align=\u00a0\u00bbleft\u00a0\u00bb header_font_size=\u00a0\u00bb50px\u00a0\u00bb header_line_height=\u00a0\u00bb1.3em\u00a0\u00bb header_2_font=\u00a0\u00bb|700|||||||\u00a0\u00bb header_2_text_align=\u00a0\u00bbcenter\u00a0\u00bb header_2_font_size=\u00a0\u00bb50px\u00a0\u00bb header_2_line_height=\u00a0\u00bb1.3em\u00a0\u00bb custom_margin=\u00a0\u00bb0px||0px||false|false\u00a0\u00bb custom_padding=\u00a0\u00bb0px||0px||false|false\u00a0\u00bb animation_style=\u00a0\u00bbslide\u00a0\u00bb animation_direction=\u00a0\u00bbtop\u00a0\u00bb animation_intensity_slide=\u00a0\u00bb10%\u00a0\u00bb locked=\u00a0\u00bboff\u00a0\u00bb global_colors_info=\u00a0\u00bb{}\u00a0\u00bb]<\/p>\n<h2>Les Concessionaires<\/h2>\n<p>[\/et_pb_text][et_pb_text _builder_version=\u00a0\u00bb4.17.6&Prime; _module_preset=\u00a0\u00bbdefault\u00a0\u00bb text_font=\u00a0\u00bb||||||||\u00a0\u00bb text_line_height=\u00a0\u00bb1.8em\u00a0\u00bb background_size=\u00a0\u00bbinitial\u00a0\u00bb background_position=\u00a0\u00bbtop_left\u00a0\u00bb background_repeat=\u00a0\u00bbrepeat\u00a0\u00bb text_orientation=\u00a0\u00bbcenter\u00a0\u00bb module_alignment=\u00a0\u00bbcenter\u00a0\u00bb custom_margin=\u00a0\u00bb||||false|false\u00a0\u00bb custom_padding=\u00a0\u00bb||||false|false\u00a0\u00bb animation_style=\u00a0\u00bbslide\u00a0\u00bb animation_direction=\u00a0\u00bbtop\u00a0\u00bb animation_delay=\u00a0\u00bb400ms\u00a0\u00bb animation_intensity_slide=\u00a0\u00bb4%\u00a0\u00bb global_colors_info=\u00a0\u00bb{}\u00a0\u00bb]<\/p>\n<p>Le r\u00e9seau des concessionnaires est essentiel pour assurer une large couverture de tous les territoires potentiels o\u00f9 Cuf Milano n&rsquo;est pas encore pr\u00e9sent avec ses magasins et ses showrooms, en termes de force de vente, ainsi qu&rsquo;en termes de service apr\u00e8s-vente. Nos concessionnaires op\u00e8rent au nom de Cuf Milano et repr\u00e9sentent une pr\u00e9sence strat\u00e9gique et comp\u00e9tente pour assurer un service de haut niveau et pour mieux valoriser notre marque.<\/p>\n<p>[\/et_pb_text][\/et_pb_column][\/et_pb_row][\/et_pb_section][et_pb_section fb_built=\u00a0\u00bb1&Prime; _builder_version=\u00a0\u00bb4.21.0&Prime; _module_preset=\u00a0\u00bbdefault\u00a0\u00bb custom_margin=\u00a0\u00bb5vh|0px|15vh|0px|false|false\u00a0\u00bb custom_padding=\u00a0\u00bb0px|0px|0px|0px|false|false\u00a0\u00bb locked=\u00a0\u00bboff\u00a0\u00bb global_colors_info=\u00a0\u00bb{}\u00a0\u00bb][et_pb_row use_custom_gutter=\u00a0\u00bbon\u00a0\u00bb gutter_width=\u00a0\u00bb1&Prime; make_equal=\u00a0\u00bbon\u00a0\u00bb _builder_version=\u00a0\u00bb4.21.0&Prime; _module_preset=\u00a0\u00bbdefault\u00a0\u00bb width=\u00a0\u00bb100%\u00a0\u00bb max_width=\u00a0\u00bb100%\u00a0\u00bb module_alignment=\u00a0\u00bbcenter\u00a0\u00bb custom_margin=\u00a0\u00bb0px|0px|0px|0px|false|false\u00a0\u00bb custom_padding=\u00a0\u00bb0px|0px|0px|0px|false|false\u00a0\u00bb global_colors_info=\u00a0\u00bb{}\u00a0\u00bb][et_pb_column type=\u00a0\u00bb4_4&Prime; _builder_version=\u00a0\u00bb4.16&Prime; _module_preset=\u00a0\u00bbdefault\u00a0\u00bb background_enable_color=\u00a0\u00bboff\u00a0\u00bb custom_padding=\u00a0\u00bb0px|0px|0px|0px|false|false\u00a0\u00bb global_colors_info=\u00a0\u00bb{}\u00a0\u00bb][et_pb_code _builder_version=\u00a0\u00bb4.21.0&Prime; _module_preset=\u00a0\u00bbdefault\u00a0\u00bb custom_margin=\u00a0\u00bb0px|0px|0px|0px|false|false\u00a0\u00bb custom_padding=\u00a0\u00bb0px|0px|0px|0px|false|false\u00a0\u00bb global_colors_info=\u00a0\u00bb{}\u00a0\u00bb]<style type=\"text\/css\">\n  body #asl-storelocator.asl-cont.asl-template-0 {--sl-font-size: 13px;--sl-title-size: 15px;--sl-btn-size: 13px;--sl-primary: #cb2800;--sl-header: #F7F7F7;--sl-header-color: #32373c;--sl-infobox-color: #555d66;--sl-infobox-bg: #FFFFFF;--sl-infobox-a: #cb2800;--sl-action-btn-color: #FFFFFF;--sl-action-btn-bg: #cb2800;--sl-color: #555d66;--sl-list-bg: #FFFFFF;--sl-list-title: #32373c;--sl-list-sub-title: #6a6a6a;--sl-highlighted: #F7F7F7;}.asl-cont .sl-direction, .asl-buttons .directions {display: none !important;}.asl-p-cont .asl-print-btn,.asl-cont .asl-print-btn {display: none !important;}  .asl-cont .onoffswitch .onoffswitch-label .onoffswitch-switch:before {content: \"OUVRIR\" !important;}\n  .asl-cont .onoffswitch .onoffswitch-label .onoffswitch-switch:after {content: \"TOUS\" !important;}\n  @media (max-width: 767px) {\n    #asl-storelocator.asl-cont .asl-panel {order: 0;}\n  }\n  .asl-cont.sl-search-only .Filter_section + .sl-row {display: none;}\n  .asl-cont .sl-hide-branches,\n  .asl-cont .sl-hide-branches:hover {color: #FFF !important; text-decoration: none !important;cursor: pointer;}\n<\/style>\n<div id=\"asl-storelocator\" class=\"storelocator-main asl-cont asl-template-0 asl-layout-0 asl-bg-0  asl-text-1\">\n  <div class=\"asl-wrapper\">\n    <div class=\"sl-container\">\n\n             \n      <div class=\"sl-row Filter_section\">\n          <div class=\"pol-lg-4 pol-md-5 pol-sm-12 search_filter\">\n              <p class=\"mb-2\">Search by Nation<\/p>\n              <div class=\"sl-search-group d-flex\">\n                <input type=\"text\" value=\"\" data-submit=\"disable\"  tabindex=\"2\" id=\"auto-complete-search\" placeholder=\"Enter a Nation\"  class=\"asl-search-address form-control isp_ignore\">\n                <button type=\"button\" class=\"span-geo\"><i class=\"icon-search\" title=\"Emplacement de recherche\"><\/i><\/button>\n              <\/div>\n          <\/div>\n          <div class=\"pol-lg-8 pol-md-7 pol-sm-12\">\n            <div class=\"sl-row\">\n              <div class=\"pol-sm-12 asl-advance-filters hide\">\n                <div class=\"sl-row\">\n                                                      <div class=\"pol-lg-4 pol-md-6 pol-sm-12  asl-ddl-filters\">\n                      <div class=\"asl-filter-cntrl\">\n                        <label class=\"asl-cntrl-lbl\">Category<\/label>\n                        <div class=\"sl-dropdown-cont\" id=\"categories_filter\">\n                        <\/div>\n                      <\/div>\n                  <\/div>\n                                                      <div class=\"pol-lg-4 pol-md-6 pol-sm-12 range_filter asl-ddl-filters hide\">\n                      <div class=\"rangeFilter asl-filter-cntrl\">\n                        <label class=\"asl-cntrl-lbl\">Plage de distances<\/label>\n                        <input id=\"asl-radius-slide\" type=\"text\" class=\"span2\" \/>\n                        <span class=\"rad-unit\">Rayon: <span id=\"asl-radius-input\"><\/span> <span id=\"asl-dist-unit\">Km<\/span><\/span>\n                      <\/div>\n                  <\/div>\n                  <div class=\"pol-lg-2 pol-md-3 pol-sm-12 Status_filter\">\n                      <div class=\"asl-filter-cntrl\">\n                        <label class=\"asl-cntrl-lbl\">Statut<\/label>\n                        <div class=\"onoffswitch\">\n                          <input type=\"checkbox\" name=\"onoffswitch\" class=\"onoffswitch-checkbox\" id=\"asl-open-close\" checked>\n                          <label class=\"onoffswitch-label\" for=\"asl-open-close\">\n                              <span class=\"onoffswitch-inner\"><\/span>\n                              <span class=\"onoffswitch-switch\"><\/span>\n                          <\/label>\n                        <\/div>\n                      <\/div>\n                  <\/div>\n                <\/div>\n              <\/div>\n            <\/div>\n          <\/div>\n      <\/div>\n            <div class=\"sl-row\">\n        <div class=\"pol-12\">\n            <div class=\"sl-main-cont\">\n                <div class=\"sl-row no-gutters sl-main-row\">\n                    <div id=\"asl-panel\" class=\"asl-panel pol-md-5 pol-lg-4 asl_locator-panel\">\n                        <div class=\"asl-overlay\" id=\"map-loading\">\n                            <div class=\"white\"><\/div>\n                            <div class=\"sl-loading\">\n                              <i class=\"animate-sl-spin icon-spin3\"><\/i>\n                              Chargement...                            <\/div>\n                        <\/div>\n                                                <!-- list -->\n                        <div class=\"asl-panel-inner\">\n                            <div class=\"top-title Num_of_store\">\n                              <span><span class=\"sl-head-title\">Number Of Shops<\/span>: <span class=\"count-result\">0<\/span><\/span>\n                                                              <a class=\"asl-print-btn\"><span>PRINT<\/span><span class=\"asl-print\"><\/span><\/a>\n                                                          <\/div>\n                            <div class=\"sl-main-cont-box\">\n                              <div id=\"asl-list\" class=\"sl-list-wrapper\">\n                                <ul id=\"p-statelist\" class=\"sl-list\">\n                                <\/ul>\n                              <\/div>\n                            <\/div>\n                        <\/div>\n\n                        <div class=\"directions-cont hide\">\n                            <div class=\"agile-modal-header\">\n                                <button type=\"button\" class=\"close\"><span aria-hidden=\"true\">\u00d7<\/span><\/button>\n                                <h4>Direction du magasin<\/h4>\n                            <\/div>\n                            <div class=\"rendered-directions\" id=\"asl-rendered-dir\" style=\"direction: ltr;\"><\/div>\n                        <\/div>\n                    <\/div>\n                    <div class=\"pol-md-7 pol-lg-8 asl-map\">\n                        <div class=\"map-image\">\n                            <div id=\"asl-map-canv\" class=\"asl-map-canv\"><\/div>\n                            <div id=\"agile-modal-direction\" class=\"agile-modal fade\">\n    <div class=\"agile-modal-backdrop-in\"><\/div>\n    <div class=\"agile-modal-dialog in\">\n        <div class=\"agile-modal-content\">\n            <div class=\"sl-form-group d-flex justify-content-between\">\n                <h4>OBTENIR DES DIRECTIONS<\/h4>\n                <button type=\"button\" class=\"close-directions sl-close\" data-dismiss=\"agile-modal\" aria-label=\"Close\">&times;<\/button>\n            <\/div>\n            <div class=\"sl-form-group\">\n                <label for=\"frm-lbl\">Depuis:<\/label>\n                <input type=\"text\" class=\"form-control frm-place\" id=\"frm-lbl\" placeholder=\"Enter a Nation\">\n            <\/div>\n            <div class=\"sl-form-group\">\n                <label for=\"frm-lbl\">Pour:<\/label>\n                <input readonly=\"true\" type=\"text\"  class=\"directions-to form-control\" id=\"to-lbl\" placeholder=\"Adresse de destination pr\u00e9remplie\">\n            <\/div>\n            <div class=\"sl-form-group mb-0\">\n                <label class=\"checkbox-inline\">\n                    <input type=\"radio\" name=\"dist-type\"  id=\"rbtn-km\" value=\"0\"> Km                <\/label>\n                <label class=\"checkbox-inline\">\n                    <input type=\"radio\" name=\"dist-type\" checked id=\"rbtn-mile\" value=\"1\"> Milles                <\/label>\n            <\/div>\n            <div class=\"sl-form-group mb-0\">\n                <button type=\"submit\" class=\"btn btn-default btn-submit\">OBTENIR DES DIRECTIONS<\/button>\n            <\/div>\n        <\/div>\n    <\/div>\n<\/div>\n\n<div id=\"asl-geolocation-agile-modal\" class=\"agile-modal fade\">\n  <div class=\"agile-modal-backdrop-in\"><\/div>\n  <div class=\"agile-modal-dialog in\">\n    <div class=\"agile-modal-content\">\n            <div class=\"sl-form-group d-flex justify-content-between\">\n        <h5>Utilisez ma position pour trouver le fournisseur de services le plus proche de chez moi<\/h5>\n        <button type=\"button\" class=\"close-directions sl-close\" data-dismiss=\"agile-modal\" aria-label=\"Close\" aria-hidden=\"true\">&times;<\/button>\n      <\/div>\n      <div class=\"sl-form-group text-center mb-0\">\n        <button type=\"button\" id=\"asl-btn-geolocation\" class=\"btn btn-block btn-default\">USE LOCATION<\/button>\n      <\/div>\n          <\/div>\n  <\/div>\n<\/div>\n\n<div id=\"asl-desc-agile-modal\" class=\"agile-modal fade\">\n  <div class=\"agile-modal-backdrop-in\"><\/div>\n  <div class=\"agile-modal-dialog in\">\n    <div class=\"agile-modal-content\">\n      <div class=\"sl-row\">\n        <div class=\"pol-md-12\">\n          <div class=\"sl-form-group d-flex justify-content-between\">\n            <h4 class=\"sl-title\"><\/h4>\n            <button type=\"button\" class=\"close-directions sl-close\" data-dismiss=\"agile-modal\" aria-label=\"Close\">&times;<\/button>\n          <\/div>\n          <p class=\"sl-desc\"><\/p>\n        <\/div>\n      <\/div>\n    <\/div>\n  <\/div>\n<\/div>                        <\/div>\n                    <\/div>\n                <\/div>\n            <\/div>\n        <\/div>\n      <\/div>\n    <\/div>\n  <\/div>\n<\/div>\n<!-- This plugin is developed by \"Agile Store Locator for WordPress\" https:\/\/agilestorelocator.com -->[\/et_pb_code][\/et_pb_column][\/et_pb_row][\/et_pb_section]<\/p>\n","protected":false},"excerpt":{"rendered":"<p>Les ConcessionairesLe r\u00e9seau des concessionnaires est essentiel pour assurer une large couverture de tous les territoires potentiels o\u00f9 Cuf Milano n&rsquo;est pas encore pr\u00e9sent avec ses magasins et ses showrooms, en termes de force de vente, ainsi qu&rsquo;en termes de service apr\u00e8s-vente. Nos concessionnaires op\u00e8rent au nom de Cuf Milano et repr\u00e9sentent une pr\u00e9sence strat\u00e9gique [&hellip;]<\/p>\n","protected":false},"author":1,"featured_media":0,"parent":0,"menu_order":0,"comment_status":"closed","ping_status":"closed","template":"","meta":{"_et_pb_use_builder":"on","_et_pb_old_content":"","_et_gb_content_width":"","footnotes":""},"class_list":["post-256153","page","type-page","status-publish","hentry"],"yoast_head":"<!-- This site is optimized with the Yoast SEO plugin v27.0 - https:\/\/yoast.com\/product\/yoast-seo-wordpress\/ -->\n<title>Find a Dealer | CUF Milano<\/title>\n<meta name=\"description\" content=\"Are you looking for a CUF Milano dealer? Find your nearest dealer now!\" \/>\n<meta name=\"robots\" content=\"index, follow, max-snippet:-1, max-image-preview:large, max-video-preview:-1\" \/>\n<link rel=\"canonical\" href=\"https:\/\/www.cufmilano.com\/fr\/les-concessionaires\/\" \/>\n<meta property=\"og:locale\" content=\"fr_FR\" \/>\n<meta property=\"og:type\" content=\"article\" \/>\n<meta property=\"og:title\" content=\"Find a Dealer | CUF Milano\" \/>\n<meta property=\"og:description\" content=\"Are you looking for a CUF Milano dealer? Find your nearest dealer now!\" \/>\n<meta property=\"og:url\" content=\"https:\/\/www.cufmilano.com\/fr\/les-concessionaires\/\" \/>\n<meta property=\"og:site_name\" content=\"CUF Milano | Furnishing and Design Office Furniture\" \/>\n<meta property=\"article:modified_time\" content=\"2023-06-23T07:36:32+00:00\" \/>\n<meta name=\"twitter:card\" content=\"summary_large_image\" \/>\n<meta name=\"twitter:label1\" content=\"Dur\u00e9e de lecture estim\u00e9e\" \/>\n\t<meta name=\"twitter:data1\" content=\"1 minute\" \/>\n<script type=\"application\/ld+json\" class=\"yoast-schema-graph\">{\"@context\":\"https:\/\/schema.org\",\"@graph\":[{\"@type\":\"WebPage\",\"@id\":\"https:\/\/www.cufmilano.com\/fr\/les-concessionaires\/\",\"url\":\"https:\/\/www.cufmilano.com\/fr\/les-concessionaires\/\",\"name\":\"Find a Dealer | CUF Milano\",\"isPartOf\":{\"@id\":\"https:\/\/www.cufmilano.com\/fr\/#website\"},\"datePublished\":\"2020-12-07T11:35:21+00:00\",\"dateModified\":\"2023-06-23T07:36:32+00:00\",\"description\":\"Are you looking for a CUF Milano dealer? Find your nearest dealer now!\",\"breadcrumb\":{\"@id\":\"https:\/\/www.cufmilano.com\/fr\/les-concessionaires\/#breadcrumb\"},\"inLanguage\":\"fr-FR\",\"potentialAction\":[{\"@type\":\"ReadAction\",\"target\":[\"https:\/\/www.cufmilano.com\/fr\/les-concessionaires\/\"]}]},{\"@type\":\"BreadcrumbList\",\"@id\":\"https:\/\/www.cufmilano.com\/fr\/les-concessionaires\/#breadcrumb\",\"itemListElement\":[{\"@type\":\"ListItem\",\"position\":1,\"name\":\"Home\",\"item\":\"https:\/\/www.cufmilano.com\/fr\/\"},{\"@type\":\"ListItem\",\"position\":2,\"name\":\"Les Concessionaires\"}]},{\"@type\":\"WebSite\",\"@id\":\"https:\/\/www.cufmilano.com\/fr\/#website\",\"url\":\"https:\/\/www.cufmilano.com\/fr\/\",\"name\":\"CUF Milano | Furnishing and Design Office Furniture\",\"description\":\"CUF Milano is specialized in the sale and production of design office furniture, chairs, armchairs, cabinets and partitions.\",\"potentialAction\":[{\"@type\":\"SearchAction\",\"target\":{\"@type\":\"EntryPoint\",\"urlTemplate\":\"https:\/\/www.cufmilano.com\/fr\/?s={search_term_string}\"},\"query-input\":{\"@type\":\"PropertyValueSpecification\",\"valueRequired\":true,\"valueName\":\"search_term_string\"}}],\"inLanguage\":\"fr-FR\"}]}<\/script>\n<!-- \/ Yoast SEO plugin. -->","yoast_head_json":{"title":"Find a Dealer | CUF Milano","description":"Are you looking for a CUF Milano dealer? Find your nearest dealer now!","robots":{"index":"index","follow":"follow","max-snippet":"max-snippet:-1","max-image-preview":"max-image-preview:large","max-video-preview":"max-video-preview:-1"},"canonical":"https:\/\/www.cufmilano.com\/fr\/les-concessionaires\/","og_locale":"fr_FR","og_type":"article","og_title":"Find a Dealer | CUF Milano","og_description":"Are you looking for a CUF Milano dealer? Find your nearest dealer now!","og_url":"https:\/\/www.cufmilano.com\/fr\/les-concessionaires\/","og_site_name":"CUF Milano | Furnishing and Design Office Furniture","article_modified_time":"2023-06-23T07:36:32+00:00","twitter_card":"summary_large_image","twitter_misc":{"Dur\u00e9e de lecture estim\u00e9e":"1 minute"},"schema":{"@context":"https:\/\/schema.org","@graph":[{"@type":"WebPage","@id":"https:\/\/www.cufmilano.com\/fr\/les-concessionaires\/","url":"https:\/\/www.cufmilano.com\/fr\/les-concessionaires\/","name":"Find a Dealer | CUF Milano","isPartOf":{"@id":"https:\/\/www.cufmilano.com\/fr\/#website"},"datePublished":"2020-12-07T11:35:21+00:00","dateModified":"2023-06-23T07:36:32+00:00","description":"Are you looking for a CUF Milano dealer? Find your nearest dealer now!","breadcrumb":{"@id":"https:\/\/www.cufmilano.com\/fr\/les-concessionaires\/#breadcrumb"},"inLanguage":"fr-FR","potentialAction":[{"@type":"ReadAction","target":["https:\/\/www.cufmilano.com\/fr\/les-concessionaires\/"]}]},{"@type":"BreadcrumbList","@id":"https:\/\/www.cufmilano.com\/fr\/les-concessionaires\/#breadcrumb","itemListElement":[{"@type":"ListItem","position":1,"name":"Home","item":"https:\/\/www.cufmilano.com\/fr\/"},{"@type":"ListItem","position":2,"name":"Les Concessionaires"}]},{"@type":"WebSite","@id":"https:\/\/www.cufmilano.com\/fr\/#website","url":"https:\/\/www.cufmilano.com\/fr\/","name":"CUF Milano | Furnishing and Design Office Furniture","description":"CUF Milano is specialized in the sale and production of design office furniture, chairs, armchairs, cabinets and partitions.","potentialAction":[{"@type":"SearchAction","target":{"@type":"EntryPoint","urlTemplate":"https:\/\/www.cufmilano.com\/fr\/?s={search_term_string}"},"query-input":{"@type":"PropertyValueSpecification","valueRequired":true,"valueName":"search_term_string"}}],"inLanguage":"fr-FR"}]}},"_links":{"self":[{"href":"https:\/\/www.cufmilano.com\/fr\/wp-json\/wp\/v2\/pages\/256153","targetHints":{"allow":["GET"]}}],"collection":[{"href":"https:\/\/www.cufmilano.com\/fr\/wp-json\/wp\/v2\/pages"}],"about":[{"href":"https:\/\/www.cufmilano.com\/fr\/wp-json\/wp\/v2\/types\/page"}],"author":[{"embeddable":true,"href":"https:\/\/www.cufmilano.com\/fr\/wp-json\/wp\/v2\/users\/1"}],"replies":[{"embeddable":true,"href":"https:\/\/www.cufmilano.com\/fr\/wp-json\/wp\/v2\/comments?post=256153"}],"version-history":[{"count":0,"href":"https:\/\/www.cufmilano.com\/fr\/wp-json\/wp\/v2\/pages\/256153\/revisions"}],"wp:attachment":[{"href":"https:\/\/www.cufmilano.com\/fr\/wp-json\/wp\/v2\/media?parent=256153"}],"curies":[{"name":"wp","href":"https:\/\/api.w.org\/{rel}","templated":true}]}}