{"id":263527,"date":"2023-07-05T16:10:03","date_gmt":"2023-07-05T14:10:03","guid":{"rendered":"https:\/\/www.cufmilano.com\/?page_id=263527"},"modified":"2023-07-05T18:49:16","modified_gmt":"2023-07-05T16:49:16","slug":"meubles-sur-mesure","status":"publish","type":"page","link":"https:\/\/www.cufmilano.com\/fr\/meubles-sur-mesure\/","title":{"rendered":"Meubles sur mesure"},"content":{"rendered":"<p>[et_pb_section fb_built=\u00a0\u00bb1&Prime; custom_padding_last_edited=\u00a0\u00bbon|desktop\u00a0\u00bb _builder_version=\u00a0\u00bb4.21.0&Prime; _module_preset=\u00a0\u00bbdefault\u00a0\u00bb background_image=\u00a0\u00bbhttps:\/\/www.cufmilano.com\/wp-content\/uploads\/2023\/07\/su-misura-banner.jpg\u00a0\u00bb custom_margin=\u00a0\u00bb0px||0px||false|false\u00a0\u00bb custom_padding=\u00a0\u00bb10vh||15vh|10%|false|false\u00a0\u00bb custom_padding_tablet=\u00a0\u00bb10vh||15vh||false|false\u00a0\u00bb custom_padding_phone=\u00a0\u00bb10vh||10vh||false|false\u00a0\u00bb locked=\u00a0\u00bboff\u00a0\u00bb global_colors_info=\u00a0\u00bb{}\u00a0\u00bb][et_pb_row _builder_version=\u00a0\u00bb4.19.4&Prime; _module_preset=\u00a0\u00bbdefault\u00a0\u00bb background_color=\u00a0\u00bbrgba(255,255,255,0.8)\u00a0\u00bb width=\u00a0\u00bb30vw\u00a0\u00bb width_tablet=\u00a0\u00bb55vw\u00a0\u00bb width_phone=\u00a0\u00bb80vw\u00a0\u00bb width_last_edited=\u00a0\u00bbon|phone\u00a0\u00bb max_width=\u00a0\u00bb30vw\u00a0\u00bb max_width_tablet=\u00a0\u00bb55vw\u00a0\u00bb max_width_phone=\u00a0\u00bb80vw\u00a0\u00bb max_width_last_edited=\u00a0\u00bbon|tablet\u00a0\u00bb module_alignment=\u00a0\u00bbleft\u00a0\u00bb custom_padding=\u00a0\u00bb30px|30px|30px|30px|false|false\u00a0\u00bb global_colors_info=\u00a0\u00bb{}\u00a0\u00bb][et_pb_column type=\u00a0\u00bb4_4&Prime; _builder_version=\u00a0\u00bb4.19.4&Prime; _module_preset=\u00a0\u00bbdefault\u00a0\u00bb global_colors_info=\u00a0\u00bb{}\u00a0\u00bb][et_pb_image src=\u00a0\u00bbhttps:\/\/www.cufmilano.com\/wp-content\/uploads\/2023\/07\/sur-mesure-logo.png\u00a0\u00bb title_text=\u00a0\u00bbsur-mesure-logo\u00a0\u00bb _builder_version=\u00a0\u00bb4.21.0&Prime; _module_preset=\u00a0\u00bbdefault\u00a0\u00bb width=\u00a0\u00bb185px\u00a0\u00bb max_width=\u00a0\u00bb185px\u00a0\u00bb module_alignment=\u00a0\u00bbleft\u00a0\u00bb global_colors_info=\u00a0\u00bb{}\u00a0\u00bb][\/et_pb_image][et_pb_text _builder_version=\u00a0\u00bb4.21.0&Prime; text_font_size=\u00a0\u00bb16px\u00a0\u00bb text_line_height=\u00a0\u00bb2em\u00a0\u00bb header_2_font=\u00a0\u00bb||||||||\u00a0\u00bb header_2_font_size=\u00a0\u00bb22px\u00a0\u00bb header_2_line_height=\u00a0\u00bb1.2em\u00a0\u00bb max_width=\u00a0\u00bb800px\u00a0\u00bb module_alignment=\u00a0\u00bbcenter\u00a0\u00bb custom_margin=\u00a0\u00bb20px|0px|0px||false|false\u00a0\u00bb header_2_font_size_tablet=\u00a0\u00bb20px\u00a0\u00bb header_2_font_size_phone=\u00a0\u00bb19px\u00a0\u00bb header_2_font_size_last_edited=\u00a0\u00bbon|desktop\u00a0\u00bb locked=\u00a0\u00bboff\u00a0\u00bb global_colors_info=\u00a0\u00bb{}\u00a0\u00bb]<\/p>\n<h2>Menuiserie pour<br \/>meubles sur mesure<\/h2>\n<p>[\/et_pb_text][et_pb_text _builder_version=\u00a0\u00bb4.21.0&Prime; text_font=\u00a0\u00bb||||||||\u00a0\u00bb text_text_color=\u00a0\u00bb#000000&Prime; custom_padding=\u00a0\u00bb2px||||false|false\u00a0\u00bb hover_enabled=\u00a0\u00bb0&Prime; text_font_size_tablet=\u00a0\u00bb15px\u00a0\u00bb text_font_size_phone=\u00a0\u00bb13px\u00a0\u00bb text_font_size_last_edited=\u00a0\u00bbon|phone\u00a0\u00bb locked=\u00a0\u00bboff\u00a0\u00bb global_colors_info=\u00a0\u00bb{}\u00a0\u00bb sticky_enabled=\u00a0\u00bb0&Prime;]<\/p>\n<p>Nous disposons d&rsquo;une menuiserie capable de d\u00e9couper ou de modifier des meubles standard selon les exigences du client, ainsi que des meubles totalement personnalis\u00e9s.\u00a0<\/p>\n<p>[\/et_pb_text][\/et_pb_column][\/et_pb_row][\/et_pb_section][et_pb_section fb_built=\u00a0\u00bb1&Prime; _builder_version=\u00a0\u00bb4.19.4&Prime; custom_padding=\u00a0\u00bb0px||0vw||false|false\u00a0\u00bb global_colors_info=\u00a0\u00bb{}\u00a0\u00bb][et_pb_row _builder_version=\u00a0\u00bb4.19.4&Prime; custom_margin=\u00a0\u00bb20px||||false|false\u00a0\u00bb custom_padding=\u00a0\u00bb0px||||false|false\u00a0\u00bb global_colors_info=\u00a0\u00bb{}\u00a0\u00bb][et_pb_column type=\u00a0\u00bb4_4&Prime; _builder_version=\u00a0\u00bb4.16&Prime; custom_padding=\u00a0\u00bb|||\u00a0\u00bb global_colors_info=\u00a0\u00bb{}\u00a0\u00bb custom_padding__hover=\u00a0\u00bb|||\u00a0\u00bb][et_pb_text admin_label=\u00a0\u00bbSub Title\u00a0\u00bb _builder_version=\u00a0\u00bb4.21.0&Prime; text_font=\u00a0\u00bb|600|||||||\u00a0\u00bb text_text_color=\u00a0\u00bb#1a1a1a\u00a0\u00bb text_font_size=\u00a0\u00bb15px\u00a0\u00bb text_line_height=\u00a0\u00bb1.9em\u00a0\u00bb background_size=\u00a0\u00bbinitial\u00a0\u00bb background_position=\u00a0\u00bbtop_left\u00a0\u00bb background_repeat=\u00a0\u00bbrepeat\u00a0\u00bb custom_margin=\u00a0\u00bb20px||40px||false|false\u00a0\u00bb custom_padding=\u00a0\u00bb||||false|false\u00a0\u00bb animation_style=\u00a0\u00bbslide\u00a0\u00bb animation_direction=\u00a0\u00bbtop\u00a0\u00bb animation_delay=\u00a0\u00bb200ms\u00a0\u00bb animation_intensity_slide=\u00a0\u00bb10%\u00a0\u00bb locked=\u00a0\u00bboff\u00a0\u00bb global_colors_info=\u00a0\u00bb{}\u00a0\u00bb]<\/p>\n<p>Un service technique sp\u00e9cialis\u00e9 r\u00e9alise des rendus et des dessins techniques pour la production, avec un nuancier de plus de 50 couleurs et la possibilit\u00e9 de mod\u00e9liser tous les mat\u00e9riaux possibles qui composent un meuble (bois, m\u00e9tal, verre). La conception est toujours gratuite et, avec les meubles sur mesure, nous envoyons \u00e9galement toutes les instructions de montage, au cas ou nous ne prenons pas en charge l&rsquo;installation. Contactez-nous pour plus d&rsquo;informations et un devis gratuit.<\/p>\n<p>[\/et_pb_text][et_pb_gallery gallery_ids=\u00a0\u00bb263558,263564,263579,263582,263588,263594,263600,263603,263612,263654,263642&Prime; fullwidth=\u00a0\u00bbon\u00a0\u00bb _builder_version=\u00a0\u00bb4.21.0&Prime; _module_preset=\u00a0\u00bbdefault\u00a0\u00bb custom_margin=\u00a0\u00bb30px||0px||false|false\u00a0\u00bb custom_padding=\u00a0\u00bb||0px||false|false\u00a0\u00bb global_colors_info=\u00a0\u00bb{}\u00a0\u00bb][\/et_pb_gallery][\/et_pb_column][\/et_pb_row][\/et_pb_section][et_pb_section fb_built=\u00a0\u00bb1&Prime; admin_label=\u00a0\u00bbDesigner\u00a0\u00bb _builder_version=\u00a0\u00bb4.19.4&Prime; _module_preset=\u00a0\u00bbdefault\u00a0\u00bb custom_margin=\u00a0\u00bb2vh||2vh||false|false\u00a0\u00bb custom_padding=\u00a0\u00bb0px||||false|false\u00a0\u00bb animation_style=\u00a0\u00bbslide\u00a0\u00bb animation_direction=\u00a0\u00bbbottom\u00a0\u00bb saved_tabs=\u00a0\u00bball\u00a0\u00bb locked=\u00a0\u00bboff\u00a0\u00bb collapsed=\u00a0\u00bboff\u00a0\u00bb global_colors_info=\u00a0\u00bb{}\u00a0\u00bb][et_pb_row _builder_version=\u00a0\u00bb4.19.4&Prime; _module_preset=\u00a0\u00bbdefault\u00a0\u00bb global_colors_info=\u00a0\u00bb{}\u00a0\u00bb][et_pb_column type=\u00a0\u00bb4_4&Prime; _builder_version=\u00a0\u00bb4.19.4&Prime; _module_preset=\u00a0\u00bbdefault\u00a0\u00bb global_colors_info=\u00a0\u00bb{}\u00a0\u00bb][\/et_pb_column][\/et_pb_row][\/et_pb_section]<\/p>\n","protected":false},"excerpt":{"rendered":"<p>Menuiserie pourmeubles sur mesureNous disposons d&rsquo;une menuiserie capable de d\u00e9couper ou de modifier des meubles standard selon les exigences du client, ainsi que des meubles totalement personnalis\u00e9s.\u00a0Un service technique sp\u00e9cialis\u00e9 r\u00e9alise des rendus et des dessins techniques pour la production, avec un nuancier de plus de 50 couleurs et la possibilit\u00e9 de mod\u00e9liser tous les [&hellip;]<\/p>\n","protected":false},"author":6,"featured_media":0,"parent":0,"menu_order":0,"comment_status":"closed","ping_status":"closed","template":"","meta":{"_et_pb_use_builder":"on","_et_pb_old_content":"","_et_gb_content_width":"","footnotes":""},"class_list":["post-263527","page","type-page","status-publish","hentry"],"yoast_head":"<!-- This site is optimized with the Yoast SEO plugin v27.0 - https:\/\/yoast.com\/product\/yoast-seo-wordpress\/ -->\n<title>Meubles sur mesure | CUF Mila<\/title>\n<meta name=\"description\" content=\"Nous disposons d&#039;une menuiserie capable de d\u00e9couper ou de modifier des meubles standard selon les exigences du client, ainsi que des meubles totalement personnalis\u00e9s.\" \/>\n<meta name=\"robots\" content=\"index, follow, max-snippet:-1, max-image-preview:large, max-video-preview:-1\" \/>\n<link rel=\"canonical\" href=\"https:\/\/www.cufmilano.com\/fr\/meubles-sur-mesure\/\" \/>\n<meta property=\"og:locale\" content=\"fr_FR\" \/>\n<meta property=\"og:type\" content=\"article\" \/>\n<meta property=\"og:title\" content=\"Meubles sur mesure | CUF Mila\" \/>\n<meta property=\"og:description\" content=\"Nous disposons d&#039;une menuiserie capable de d\u00e9couper ou de modifier des meubles standard selon les exigences du client, ainsi que des meubles totalement personnalis\u00e9s.\" \/>\n<meta property=\"og:url\" content=\"https:\/\/www.cufmilano.com\/fr\/meubles-sur-mesure\/\" \/>\n<meta property=\"og:site_name\" content=\"CUF Milano | Furnishing and Design Office Furniture\" \/>\n<meta property=\"article:modified_time\" content=\"2023-07-05T16:49:16+00:00\" \/>\n<meta name=\"twitter:card\" content=\"summary_large_image\" \/>\n<meta name=\"twitter:label1\" content=\"Dur\u00e9e de lecture estim\u00e9e\" \/>\n\t<meta name=\"twitter:data1\" content=\"2 minutes\" \/>\n<script type=\"application\/ld+json\" class=\"yoast-schema-graph\">{\"@context\":\"https:\/\/schema.org\",\"@graph\":[{\"@type\":\"WebPage\",\"@id\":\"https:\/\/www.cufmilano.com\/fr\/meubles-sur-mesure\/\",\"url\":\"https:\/\/www.cufmilano.com\/fr\/meubles-sur-mesure\/\",\"name\":\"Meubles sur mesure | CUF Mila\",\"isPartOf\":{\"@id\":\"https:\/\/www.cufmilano.com\/fr\/#website\"},\"datePublished\":\"2023-07-05T14:10:03+00:00\",\"dateModified\":\"2023-07-05T16:49:16+00:00\",\"description\":\"Nous disposons d'une menuiserie capable de d\u00e9couper ou de modifier des meubles standard selon les exigences du client, ainsi que des meubles totalement personnalis\u00e9s.\",\"breadcrumb\":{\"@id\":\"https:\/\/www.cufmilano.com\/fr\/meubles-sur-mesure\/#breadcrumb\"},\"inLanguage\":\"fr-FR\",\"potentialAction\":[{\"@type\":\"ReadAction\",\"target\":[\"https:\/\/www.cufmilano.com\/fr\/meubles-sur-mesure\/\"]}]},{\"@type\":\"BreadcrumbList\",\"@id\":\"https:\/\/www.cufmilano.com\/fr\/meubles-sur-mesure\/#breadcrumb\",\"itemListElement\":[{\"@type\":\"ListItem\",\"position\":1,\"name\":\"Home\",\"item\":\"https:\/\/www.cufmilano.com\/fr\/\"},{\"@type\":\"ListItem\",\"position\":2,\"name\":\"Meubles sur mesure\"}]},{\"@type\":\"WebSite\",\"@id\":\"https:\/\/www.cufmilano.com\/fr\/#website\",\"url\":\"https:\/\/www.cufmilano.com\/fr\/\",\"name\":\"CUF Milano | Furnishing and Design Office Furniture\",\"description\":\"CUF Milano is specialized in the sale and production of design office furniture, chairs, armchairs, cabinets and partitions.\",\"potentialAction\":[{\"@type\":\"SearchAction\",\"target\":{\"@type\":\"EntryPoint\",\"urlTemplate\":\"https:\/\/www.cufmilano.com\/fr\/?s={search_term_string}\"},\"query-input\":{\"@type\":\"PropertyValueSpecification\",\"valueRequired\":true,\"valueName\":\"search_term_string\"}}],\"inLanguage\":\"fr-FR\"}]}<\/script>\n<!-- \/ Yoast SEO plugin. -->","yoast_head_json":{"title":"Meubles sur mesure | CUF Mila","description":"Nous disposons d'une menuiserie capable de d\u00e9couper ou de modifier des meubles standard selon les exigences du client, ainsi que des meubles totalement personnalis\u00e9s.","robots":{"index":"index","follow":"follow","max-snippet":"max-snippet:-1","max-image-preview":"max-image-preview:large","max-video-preview":"max-video-preview:-1"},"canonical":"https:\/\/www.cufmilano.com\/fr\/meubles-sur-mesure\/","og_locale":"fr_FR","og_type":"article","og_title":"Meubles sur mesure | CUF Mila","og_description":"Nous disposons d'une menuiserie capable de d\u00e9couper ou de modifier des meubles standard selon les exigences du client, ainsi que des meubles totalement personnalis\u00e9s.","og_url":"https:\/\/www.cufmilano.com\/fr\/meubles-sur-mesure\/","og_site_name":"CUF Milano | Furnishing and Design Office Furniture","article_modified_time":"2023-07-05T16:49:16+00:00","twitter_card":"summary_large_image","twitter_misc":{"Dur\u00e9e de lecture estim\u00e9e":"2 minutes"},"schema":{"@context":"https:\/\/schema.org","@graph":[{"@type":"WebPage","@id":"https:\/\/www.cufmilano.com\/fr\/meubles-sur-mesure\/","url":"https:\/\/www.cufmilano.com\/fr\/meubles-sur-mesure\/","name":"Meubles sur mesure | CUF Mila","isPartOf":{"@id":"https:\/\/www.cufmilano.com\/fr\/#website"},"datePublished":"2023-07-05T14:10:03+00:00","dateModified":"2023-07-05T16:49:16+00:00","description":"Nous disposons d'une menuiserie capable de d\u00e9couper ou de modifier des meubles standard selon les exigences du client, ainsi que des meubles totalement personnalis\u00e9s.","breadcrumb":{"@id":"https:\/\/www.cufmilano.com\/fr\/meubles-sur-mesure\/#breadcrumb"},"inLanguage":"fr-FR","potentialAction":[{"@type":"ReadAction","target":["https:\/\/www.cufmilano.com\/fr\/meubles-sur-mesure\/"]}]},{"@type":"BreadcrumbList","@id":"https:\/\/www.cufmilano.com\/fr\/meubles-sur-mesure\/#breadcrumb","itemListElement":[{"@type":"ListItem","position":1,"name":"Home","item":"https:\/\/www.cufmilano.com\/fr\/"},{"@type":"ListItem","position":2,"name":"Meubles sur mesure"}]},{"@type":"WebSite","@id":"https:\/\/www.cufmilano.com\/fr\/#website","url":"https:\/\/www.cufmilano.com\/fr\/","name":"CUF Milano | Furnishing and Design Office Furniture","description":"CUF Milano is specialized in the sale and production of design office furniture, chairs, armchairs, cabinets and partitions.","potentialAction":[{"@type":"SearchAction","target":{"@type":"EntryPoint","urlTemplate":"https:\/\/www.cufmilano.com\/fr\/?s={search_term_string}"},"query-input":{"@type":"PropertyValueSpecification","valueRequired":true,"valueName":"search_term_string"}}],"inLanguage":"fr-FR"}]}},"_links":{"self":[{"href":"https:\/\/www.cufmilano.com\/fr\/wp-json\/wp\/v2\/pages\/263527","targetHints":{"allow":["GET"]}}],"collection":[{"href":"https:\/\/www.cufmilano.com\/fr\/wp-json\/wp\/v2\/pages"}],"about":[{"href":"https:\/\/www.cufmilano.com\/fr\/wp-json\/wp\/v2\/types\/page"}],"author":[{"embeddable":true,"href":"https:\/\/www.cufmilano.com\/fr\/wp-json\/wp\/v2\/users\/6"}],"replies":[{"embeddable":true,"href":"https:\/\/www.cufmilano.com\/fr\/wp-json\/wp\/v2\/comments?post=263527"}],"version-history":[{"count":0,"href":"https:\/\/www.cufmilano.com\/fr\/wp-json\/wp\/v2\/pages\/263527\/revisions"}],"wp:attachment":[{"href":"https:\/\/www.cufmilano.com\/fr\/wp-json\/wp\/v2\/media?parent=263527"}],"curies":[{"name":"wp","href":"https:\/\/api.w.org\/{rel}","templated":true}]}}