{"id":268956,"date":"2024-01-22T11:04:21","date_gmt":"2024-01-22T10:04:21","guid":{"rendered":"https:\/\/www.cufmilano.com\/?page_id=268956"},"modified":"2024-10-11T15:38:03","modified_gmt":"2024-10-11T13:38:03","slug":"inscription-a-la-newsletter","status":"publish","type":"page","link":"https:\/\/www.cufmilano.com\/fr\/inscription-a-la-newsletter\/","title":{"rendered":"Inscription \u00e0 la Newsletter"},"content":{"rendered":"<p>[et_pb_section fb_built=\u00a0\u00bb1&Prime; custom_padding_last_edited=\u00a0\u00bboff|desktop\u00a0\u00bb admin_label=\u00a0\u00bbHeader\u00a0\u00bb _builder_version=\u00a0\u00bb4.16&Prime; background_enable_image=\u00a0\u00bboff\u00a0\u00bb custom_margin=\u00a0\u00bb0px|0px|0px|0px|false|true\u00a0\u00bb custom_margin_tablet=\u00a0\u00bb0px|0px|0px|0px|false|true\u00a0\u00bb custom_margin_phone=\u00a0\u00bb\u00a0\u00bb custom_margin_last_edited=\u00a0\u00bbon|desktop\u00a0\u00bb custom_padding=\u00a0\u00bb0px|0px|20px|0px|false|false\u00a0\u00bb custom_padding_tablet=\u00a0\u00bb50px||50px||true|false\u00a0\u00bb locked=\u00a0\u00bboff\u00a0\u00bb global_colors_info=\u00a0\u00bb{}\u00a0\u00bb][et_pb_row _builder_version=\u00a0\u00bb4.16&Prime; module_alignment=\u00a0\u00bbcenter\u00a0\u00bb custom_margin=\u00a0\u00bb2vh||3vh||false|false\u00a0\u00bb custom_padding=\u00a0\u00bb||0px||false|false\u00a0\u00bb locked=\u00a0\u00bboff\u00a0\u00bb global_colors_info=\u00a0\u00bb{}\u00a0\u00bb][et_pb_column type=\u00a0\u00bb4_4&Prime; _builder_version=\u00a0\u00bb4.16&Prime; custom_padding=\u00a0\u00bb|||\u00a0\u00bb global_colors_info=\u00a0\u00bb{}\u00a0\u00bb custom_padding__hover=\u00a0\u00bb|||\u00a0\u00bb][et_pb_code _builder_version=\u00a0\u00bb4.27.2&Prime; _module_preset=\u00a0\u00bbdefault\u00a0\u00bb hover_enabled=\u00a0\u00bb0&Prime; global_colors_info=\u00a0\u00bb{}\u00a0\u00bb sticky_enabled=\u00a0\u00bb0&Prime;]<script src=\"https:\/\/www.google.com\/recaptcha\/enterprise.js?render=6LehxdAZAAAAAIwmPod3FEHEXsQfRMtwg7kAj-pW\"><\/script>[\/et_pb_code][et_pb_code _builder_version=\u00a0\u00bb4.24.0&Prime; _module_preset=\u00a0\u00bbdefault\u00a0\u00bb global_colors_info=\u00a0\u00bb{}\u00a0\u00bb]<script><!-- [et_pb_line_break_holder] -->   function onSubmit(token) {<!-- [et_pb_line_break_holder] -->     document.getElementById(\"newsletter-form-it\").requestSubmit();<!-- [et_pb_line_break_holder] -->   } \/\/ Use `requestSubmit()` for extra features like browser input validation.<!-- [et_pb_line_break_holder] --><\/script>[\/et_pb_code][et_pb_text admin_label=\u00a0\u00bbTitle\u00a0\u00bb _builder_version=\u00a0\u00bb4.24.0&Prime; text_font=\u00a0\u00bb||||\u00a0\u00bb text_text_color=\u00a0\u00bb#1a1a1a\u00a0\u00bb header_font=\u00a0\u00bb|700|||||||\u00a0\u00bb header_text_align=\u00a0\u00bbleft\u00a0\u00bb header_font_size=\u00a0\u00bb50px\u00a0\u00bb header_line_height=\u00a0\u00bb1.3em\u00a0\u00bb header_2_font=\u00a0\u00bb|700|||||||\u00a0\u00bb header_2_text_align=\u00a0\u00bbcenter\u00a0\u00bb header_2_font_size=\u00a0\u00bb45px\u00a0\u00bb header_2_line_height=\u00a0\u00bb1.3em\u00a0\u00bb custom_margin=\u00a0\u00bb0px||0px||false|false\u00a0\u00bb custom_padding=\u00a0\u00bb0px||0px||false|false\u00a0\u00bb animation_style=\u00a0\u00bbslide\u00a0\u00bb animation_direction=\u00a0\u00bbtop\u00a0\u00bb animation_intensity_slide=\u00a0\u00bb10%\u00a0\u00bb locked=\u00a0\u00bboff\u00a0\u00bb global_colors_info=\u00a0\u00bb{}\u00a0\u00bb]<\/p>\n<h2><img decoding=\"async\" src=\"https:\/\/www.cufmilano.com\/wp-content\/uploads\/2024\/02\/email.png\" width=\"90\" height=\"auto\" alt=\"newsletter\" class=\"ico-newsletter2\" \/> Abonnez-vous \u00e0 notre lettre d&rsquo;information<\/h2>\n<p>[\/et_pb_text][et_pb_text admin_label=\u00a0\u00bbTesto\u00a0\u00bb _builder_version=\u00a0\u00bb4.24.0&Prime; _module_preset=\u00a0\u00bbdefault\u00a0\u00bb text_font=\u00a0\u00bb||||||||\u00a0\u00bb text_line_height=\u00a0\u00bb1.8em\u00a0\u00bb background_size=\u00a0\u00bbinitial\u00a0\u00bb background_position=\u00a0\u00bbtop_left\u00a0\u00bb background_repeat=\u00a0\u00bbrepeat\u00a0\u00bb text_orientation=\u00a0\u00bbcenter\u00a0\u00bb module_alignment=\u00a0\u00bbcenter\u00a0\u00bb custom_margin=\u00a0\u00bb||40px||false|false\u00a0\u00bb custom_padding=\u00a0\u00bb||||false|false\u00a0\u00bb animation_style=\u00a0\u00bbslide\u00a0\u00bb animation_direction=\u00a0\u00bbtop\u00a0\u00bb animation_delay=\u00a0\u00bb400ms\u00a0\u00bb animation_intensity_slide=\u00a0\u00bb4%\u00a0\u00bb global_colors_info=\u00a0\u00bb{}\u00a0\u00bb]<\/p>\n<p>Inscrivez-vous d\u00e8s maintenant pour recevoir des informations sur les produits et les tendances du \u00ab monde du bureau \u00bb. Vous recevrez \u00e9galement des promotions, des actualit\u00e9s et notre magazine en ligne qui, chaque mois, aborde diff\u00e9rents sujets li\u00e9s \u00e0 l&rsquo;environnement de bureau, comme l&rsquo;ergonomie, l&rsquo;acoustique, le choix des mat\u00e9riaux, etc.<br \/>Afin de recevoir du contenu le plus int\u00e9ressant possible pour vous, s\u00e9lectionnez \u00e9galement votre groupe professionnel.<\/p>\n<p>[\/et_pb_text][et_pb_code _builder_version=\u00a0\u00bb4.27.2&Prime; _module_preset=\u00a0\u00bbdefault\u00a0\u00bb width=\u00a0\u00bb700px\u00a0\u00bb module_alignment=\u00a0\u00bbcenter\u00a0\u00bb hover_enabled=\u00a0\u00bb0&Prime; global_colors_info=\u00a0\u00bb{}\u00a0\u00bb sticky_enabled=\u00a0\u00bb0&Prime;]<\/p>\n<form id=\"newsletter-form-it\" action=\"https:\/\/a0e6h.mailupclient.com\/frontend\/subscribe.aspx\"><!-- [et_pb_line_break_holder] --><\/p>\n<div><!-- [et_pb_line_break_holder] -->    <label>GROUPE PROFESSIONNEL*<\/label><!-- [et_pb_line_break_holder] -->    <select name=\"campo31\" id=\"campo31\" required=\"required\"><!-- [et_pb_line_break_holder] --><option value=\"\">S\u00e9lectionnez le groupe professionnel<\/option><!-- [et_pb_line_break_holder] --><option value=\"Architetto\/Progettista\">Architecte\/Designer<\/option><!-- [et_pb_line_break_holder] --><option value=\"Rivenditore\/Distributore\">Revendeur\/Distributeur<\/option><!-- [et_pb_line_break_holder] --><option value=\"Azienda\">Entreprise<\/option><!-- [et_pb_line_break_holder] --><option value=\"Cliente privato\">Client priv\u00e9<\/option><!-- [et_pb_line_break_holder] -->    <\/select><!-- [et_pb_line_break_holder] --><\/div>\n<p><!-- [et_pb_line_break_holder] --><\/p>\n<div><!-- [et_pb_line_break_holder] -->    <label>PR\u00c9NOM*<\/label><!-- [et_pb_line_break_holder] -->    <input type=\"text\" rel=\"1\" name=\"campo1\" id=\"campo1\" placeholder=\"\" maxlength=\"200\" required=\"required\"\/><!-- [et_pb_line_break_holder] --><\/div>\n<p><!-- [et_pb_line_break_holder] --><\/p>\n<div><!-- [et_pb_line_break_holder] -->    <label>NOM*<\/label><!-- [et_pb_line_break_holder] -->    <input type=\"text\" rel=\"2\" name=\"campo2\" id=\"campo2\" placeholder=\"\" maxlength=\"200\" required=\"required\"\/><!-- [et_pb_line_break_holder] --><\/div>\n<p><!-- [et_pb_line_break_holder] --><\/p>\n<div><!-- [et_pb_line_break_holder] -->    <label>ENTREPRISE<\/label><!-- [et_pb_line_break_holder] -->    <input type=\"text\" rel=\"3\" name=\"campo3\" id=\"campo3\" placeholder=\"\" maxlength=\"200\" \/><!-- [et_pb_line_break_holder] --><\/div>\n<p><!-- [et_pb_line_break_holder] --><\/p>\n<div><!-- [et_pb_line_break_holder] -->    <label>NATION*<\/label><!-- [et_pb_line_break_holder] -->    <input type=\"text\" rel=\"8\" name=\"campo8\" id=\"campo8\" placeholder=\"\" maxlength=\"200\" required=\"required\"\/><!-- [et_pb_line_break_holder] --><\/div>\n<p><!-- [et_pb_line_break_holder] --><\/p>\n<div><!-- [et_pb_line_break_holder] -->    <label>EMAIL*<\/label><!-- [et_pb_line_break_holder] -->    <input type=\"email\" name=\"email\" id=\"email\" placeholder=\"Inserisci la tua email\" required=\"required\"><!-- [et_pb_line_break_holder] --><\/div>\n<p><!-- [et_pb_line_break_holder] --><\/p>\n<div><!-- [et_pb_line_break_holder] -->    <label>LANGUE*<\/label><!-- [et_pb_line_break_holder] -->    <select name=\"campo32\" id=\"campo32\" required=\"required\"><!-- [et_pb_line_break_holder] --><option value=\"\" selected=\"selected\">Choisissez votre langue<\/option><!-- [et_pb_line_break_holder] --><option value=\"italiano\">italien<\/option><!-- [et_pb_line_break_holder] --><option value=\"inglese\">anglais<\/option><!-- [et_pb_line_break_holder] --><option value=\"francese\">fran\u00e7ais<\/option><!-- [et_pb_line_break_holder] -->    <\/select><!-- [et_pb_line_break_holder] --><\/div>\n<p><!-- [et_pb_line_break_holder] --><\/p>\n<div><!-- [et_pb_line_break_holder] -->    <\/p>\n<h3>* Champs obligatoires. <\/h3>\n<p><!-- [et_pb_line_break_holder] --><\/div>\n<p><!-- [et_pb_line_break_holder] --><\/p>\n<div><!-- [et_pb_line_break_holder] -->    <\/p>\n<h3>Apr\u00e8s avoir soumis le formulaire, vous recevrez un e-mail contenant un lien sur lequel vous devrez cliquer pour confirmer votre inscription. Cette proc\u00e9dure est une op\u00e9ration de s\u00e9curit\u00e9 qui nous garantit qu&rsquo;il n&rsquo;y a pas eu d&rsquo;utilisation abusive de votre email.<\/h3>\n<p><!-- [et_pb_line_break_holder] --><\/div>\n<p><!-- [et_pb_line_break_holder] --><\/p>\n<div><!-- [et_pb_line_break_holder] -->    <\/p>\n<div><!-- [et_pb_line_break_holder] -->        <label><!-- [et_pb_line_break_holder] -->            <input type=\"checkbox\" name=\"privacy\" required=\"required\">J&rsquo;accepte l&rsquo;envoi de newsletters et d\u00e9clare avoir lu les<\/label><!-- [et_pb_line_break_holder] -->        <a href=\"https:\/\/www.cufmilano.com\/fr\/privacy-policy\/\" target=\"_blank\" rel=\"noopener\">Politique de Confidentialit\u00e9<\/a><!-- [et_pb_line_break_holder] -->    <\/div>\n<p><!-- [et_pb_line_break_holder] --><\/div>\n<p><!-- [et_pb_line_break_holder] --><\/p>\n<div><!-- [et_pb_line_break_holder] -->    <\/p>\n<div><!-- [et_pb_line_break_holder] -->        <label><!-- [et_pb_line_break_holder] -->            <input type=\"checkbox\" name=\"privacy\" required=\"required\"><span class=\"desc\">Vous nous autorisez \u00e0 vous contacter et \u00e0 vous envoyer des e-mails contenant des informations sur nos services\/produits\/\u00e9v\u00e9nements et promotions susceptibles de vous int\u00e9resser. Le consentement au traitement des donn\u00e9es \u00e0 cette fin est obligatoire sinon nous ne pourrons pas vous envoyer la NEWSLETTER<\/span><\/label><!-- [et_pb_line_break_holder] -->        <a href=\"https:\/\/www.cufmilano.com\/fr\/privacy-policy\/\" target=\"_blank\" rel=\"noopener\">Politique de Confidentialit\u00e9<\/a><!-- [et_pb_line_break_holder] -->    <\/div>\n<p><!-- [et_pb_line_break_holder] --><\/div>\n<p><!-- [et_pb_line_break_holder] --><\/p>\n<div><!-- [et_pb_line_break_holder] -->  <button type=\"submit\" name=\"submit\" value=\"true\" class=\"g-recaptcha\" data-sitekey=\"6LehxdAZAAAAAIwmPod3FEHEXsQfRMtwg7kAj-pW\" data-callback='onSubmit' data-action='submit'>SOUMETTRE<\/button><!-- [et_pb_line_break_holder] -->  <!-- [et_pb_line_break_holder] --><\/div>\n<p><!-- [et_pb_line_break_holder] --><input type=\"hidden\" id=\"apgroup\" name=\"apgroup\" value=\"252\"><!-- [et_pb_line_break_holder] --><input type=\"hidden\" name=\"list\" value=\"1\"><input type=\"hidden\" name=\"IdCustomFlowCfg\" value=\"2\"><!-- [et_pb_line_break_holder] --><\/form>\n<p>[\/et_pb_code][\/et_pb_column][\/et_pb_row][\/et_pb_section]<\/p>\n","protected":false},"excerpt":{"rendered":"<p>Abonnez-vous \u00e0 notre lettre d&rsquo;informationInscrivez-vous d\u00e8s maintenant pour recevoir des informations sur les produits et les tendances du \u00ab monde du bureau \u00bb. Vous recevrez \u00e9galement des promotions, des actualit\u00e9s et notre magazine en ligne qui, chaque mois, aborde diff\u00e9rents sujets li\u00e9s \u00e0 l&rsquo;environnement de bureau, comme l&rsquo;ergonomie, l&rsquo;acoustique, le choix des mat\u00e9riaux, etc.Afin de [&hellip;]<\/p>\n","protected":false},"author":1,"featured_media":0,"parent":0,"menu_order":0,"comment_status":"closed","ping_status":"closed","template":"","meta":{"_et_pb_use_builder":"on","_et_pb_old_content":"","_et_gb_content_width":"","footnotes":""},"class_list":["post-268956","page","type-page","status-publish","hentry"],"yoast_head":"<!-- This site is optimized with the Yoast SEO plugin v27.4 - https:\/\/yoast.com\/product\/yoast-seo-wordpress\/ -->\n<title>Contattaci | CUF Milano<\/title>\n<meta name=\"description\" content=\"Contattaci subito per ricevere maggiori informazioni o un preventivo gratuito sui nostri mobili e arredamento per ufficio di design.\" \/>\n<meta name=\"robots\" content=\"index, follow, max-snippet:-1, max-image-preview:large, max-video-preview:-1\" \/>\n<link rel=\"canonical\" href=\"https:\/\/www.cufmilano.com\/fr\/inscription-a-la-newsletter\/\" \/>\n<meta property=\"og:locale\" content=\"fr_FR\" \/>\n<meta property=\"og:type\" content=\"article\" \/>\n<meta property=\"og:title\" content=\"Contattaci | CUF Milano\" \/>\n<meta property=\"og:description\" content=\"Contattaci subito per ricevere maggiori informazioni o un preventivo gratuito sui nostri mobili e arredamento per ufficio di design.\" \/>\n<meta property=\"og:url\" content=\"https:\/\/www.cufmilano.com\/fr\/inscription-a-la-newsletter\/\" \/>\n<meta property=\"og:site_name\" content=\"CUF Milano | Furnishing and Design Office Furniture\" \/>\n<meta property=\"article:modified_time\" content=\"2024-10-11T13:38:03+00:00\" \/>\n<meta property=\"og:image\" content=\"https:\/\/www.cufmilano.com\/wp-content\/uploads\/2024\/02\/email.png\" \/>\n<meta name=\"twitter:card\" content=\"summary_large_image\" \/>\n<meta name=\"twitter:label1\" content=\"Dur\u00e9e de lecture estim\u00e9e\" \/>\n\t<meta name=\"twitter:data1\" content=\"2 minutes\" \/>\n<script type=\"application\/ld+json\" class=\"yoast-schema-graph\">{\"@context\":\"https:\\\/\\\/schema.org\",\"@graph\":[{\"@type\":\"WebPage\",\"@id\":\"https:\\\/\\\/www.cufmilano.com\\\/fr\\\/inscription-a-la-newsletter\\\/\",\"url\":\"https:\\\/\\\/www.cufmilano.com\\\/fr\\\/inscription-a-la-newsletter\\\/\",\"name\":\"Contattaci | CUF Milano\",\"isPartOf\":{\"@id\":\"https:\\\/\\\/www.cufmilano.com\\\/fr\\\/#website\"},\"primaryImageOfPage\":{\"@id\":\"https:\\\/\\\/www.cufmilano.com\\\/fr\\\/inscription-a-la-newsletter\\\/#primaryimage\"},\"image\":{\"@id\":\"https:\\\/\\\/www.cufmilano.com\\\/fr\\\/inscription-a-la-newsletter\\\/#primaryimage\"},\"thumbnailUrl\":\"https:\\\/\\\/www.cufmilano.com\\\/wp-content\\\/uploads\\\/2024\\\/02\\\/email.png\",\"datePublished\":\"2024-01-22T10:04:21+00:00\",\"dateModified\":\"2024-10-11T13:38:03+00:00\",\"description\":\"Contattaci subito per ricevere maggiori informazioni o un preventivo gratuito sui nostri mobili e arredamento per ufficio di design.\",\"breadcrumb\":{\"@id\":\"https:\\\/\\\/www.cufmilano.com\\\/fr\\\/inscription-a-la-newsletter\\\/#breadcrumb\"},\"inLanguage\":\"fr-FR\",\"potentialAction\":[{\"@type\":\"ReadAction\",\"target\":[\"https:\\\/\\\/www.cufmilano.com\\\/fr\\\/inscription-a-la-newsletter\\\/\"]}]},{\"@type\":\"ImageObject\",\"inLanguage\":\"fr-FR\",\"@id\":\"https:\\\/\\\/www.cufmilano.com\\\/fr\\\/inscription-a-la-newsletter\\\/#primaryimage\",\"url\":\"https:\\\/\\\/www.cufmilano.com\\\/wp-content\\\/uploads\\\/2024\\\/02\\\/email.png\",\"contentUrl\":\"https:\\\/\\\/www.cufmilano.com\\\/wp-content\\\/uploads\\\/2024\\\/02\\\/email.png\"},{\"@type\":\"BreadcrumbList\",\"@id\":\"https:\\\/\\\/www.cufmilano.com\\\/fr\\\/inscription-a-la-newsletter\\\/#breadcrumb\",\"itemListElement\":[{\"@type\":\"ListItem\",\"position\":1,\"name\":\"Home\",\"item\":\"https:\\\/\\\/www.cufmilano.com\\\/fr\\\/\"},{\"@type\":\"ListItem\",\"position\":2,\"name\":\"Inscription \u00e0 la Newsletter\"}]},{\"@type\":\"WebSite\",\"@id\":\"https:\\\/\\\/www.cufmilano.com\\\/fr\\\/#website\",\"url\":\"https:\\\/\\\/www.cufmilano.com\\\/fr\\\/\",\"name\":\"CUF Milano | Furnishing and Design Office Furniture\",\"description\":\"CUF Milano is specialized in the sale and production of design office furniture, chairs, armchairs, cabinets and partitions.\",\"potentialAction\":[{\"@type\":\"SearchAction\",\"target\":{\"@type\":\"EntryPoint\",\"urlTemplate\":\"https:\\\/\\\/www.cufmilano.com\\\/fr\\\/?s={search_term_string}\"},\"query-input\":{\"@type\":\"PropertyValueSpecification\",\"valueRequired\":true,\"valueName\":\"search_term_string\"}}],\"inLanguage\":\"fr-FR\"}]}<\/script>\n<!-- \/ Yoast SEO plugin. -->","yoast_head_json":{"title":"Contattaci | CUF Milano","description":"Contattaci subito per ricevere maggiori informazioni o un preventivo gratuito sui nostri mobili e arredamento per ufficio di design.","robots":{"index":"index","follow":"follow","max-snippet":"max-snippet:-1","max-image-preview":"max-image-preview:large","max-video-preview":"max-video-preview:-1"},"canonical":"https:\/\/www.cufmilano.com\/fr\/inscription-a-la-newsletter\/","og_locale":"fr_FR","og_type":"article","og_title":"Contattaci | CUF Milano","og_description":"Contattaci subito per ricevere maggiori informazioni o un preventivo gratuito sui nostri mobili e arredamento per ufficio di design.","og_url":"https:\/\/www.cufmilano.com\/fr\/inscription-a-la-newsletter\/","og_site_name":"CUF Milano | Furnishing and Design Office Furniture","article_modified_time":"2024-10-11T13:38:03+00:00","og_image":[{"url":"https:\/\/www.cufmilano.com\/wp-content\/uploads\/2024\/02\/email.png","type":"","width":"","height":""}],"twitter_card":"summary_large_image","twitter_misc":{"Dur\u00e9e de lecture estim\u00e9e":"2 minutes"},"schema":{"@context":"https:\/\/schema.org","@graph":[{"@type":"WebPage","@id":"https:\/\/www.cufmilano.com\/fr\/inscription-a-la-newsletter\/","url":"https:\/\/www.cufmilano.com\/fr\/inscription-a-la-newsletter\/","name":"Contattaci | CUF Milano","isPartOf":{"@id":"https:\/\/www.cufmilano.com\/fr\/#website"},"primaryImageOfPage":{"@id":"https:\/\/www.cufmilano.com\/fr\/inscription-a-la-newsletter\/#primaryimage"},"image":{"@id":"https:\/\/www.cufmilano.com\/fr\/inscription-a-la-newsletter\/#primaryimage"},"thumbnailUrl":"https:\/\/www.cufmilano.com\/wp-content\/uploads\/2024\/02\/email.png","datePublished":"2024-01-22T10:04:21+00:00","dateModified":"2024-10-11T13:38:03+00:00","description":"Contattaci subito per ricevere maggiori informazioni o un preventivo gratuito sui nostri mobili e arredamento per ufficio di design.","breadcrumb":{"@id":"https:\/\/www.cufmilano.com\/fr\/inscription-a-la-newsletter\/#breadcrumb"},"inLanguage":"fr-FR","potentialAction":[{"@type":"ReadAction","target":["https:\/\/www.cufmilano.com\/fr\/inscription-a-la-newsletter\/"]}]},{"@type":"ImageObject","inLanguage":"fr-FR","@id":"https:\/\/www.cufmilano.com\/fr\/inscription-a-la-newsletter\/#primaryimage","url":"https:\/\/www.cufmilano.com\/wp-content\/uploads\/2024\/02\/email.png","contentUrl":"https:\/\/www.cufmilano.com\/wp-content\/uploads\/2024\/02\/email.png"},{"@type":"BreadcrumbList","@id":"https:\/\/www.cufmilano.com\/fr\/inscription-a-la-newsletter\/#breadcrumb","itemListElement":[{"@type":"ListItem","position":1,"name":"Home","item":"https:\/\/www.cufmilano.com\/fr\/"},{"@type":"ListItem","position":2,"name":"Inscription \u00e0 la Newsletter"}]},{"@type":"WebSite","@id":"https:\/\/www.cufmilano.com\/fr\/#website","url":"https:\/\/www.cufmilano.com\/fr\/","name":"CUF Milano | Furnishing and Design Office Furniture","description":"CUF Milano is specialized in the sale and production of design office furniture, chairs, armchairs, cabinets and partitions.","potentialAction":[{"@type":"SearchAction","target":{"@type":"EntryPoint","urlTemplate":"https:\/\/www.cufmilano.com\/fr\/?s={search_term_string}"},"query-input":{"@type":"PropertyValueSpecification","valueRequired":true,"valueName":"search_term_string"}}],"inLanguage":"fr-FR"}]}},"_links":{"self":[{"href":"https:\/\/www.cufmilano.com\/fr\/wp-json\/wp\/v2\/pages\/268956","targetHints":{"allow":["GET"]}}],"collection":[{"href":"https:\/\/www.cufmilano.com\/fr\/wp-json\/wp\/v2\/pages"}],"about":[{"href":"https:\/\/www.cufmilano.com\/fr\/wp-json\/wp\/v2\/types\/page"}],"author":[{"embeddable":true,"href":"https:\/\/www.cufmilano.com\/fr\/wp-json\/wp\/v2\/users\/1"}],"replies":[{"embeddable":true,"href":"https:\/\/www.cufmilano.com\/fr\/wp-json\/wp\/v2\/comments?post=268956"}],"version-history":[{"count":0,"href":"https:\/\/www.cufmilano.com\/fr\/wp-json\/wp\/v2\/pages\/268956\/revisions"}],"wp:attachment":[{"href":"https:\/\/www.cufmilano.com\/fr\/wp-json\/wp\/v2\/media?parent=268956"}],"curies":[{"name":"wp","href":"https:\/\/api.w.org\/{rel}","templated":true}]}}