{"id":280832,"date":"2025-06-15T21:58:28","date_gmt":"2025-06-15T19:58:28","guid":{"rendered":"https:\/\/www.cufmilano.com\/?page_id=280832"},"modified":"2025-06-16T12:33:52","modified_gmt":"2025-06-16T10:33:52","slug":"reglements","status":"publish","type":"page","link":"https:\/\/www.cufmilano.com\/fr\/reglements\/","title":{"rendered":"R\u00e8glements"},"content":{"rendered":"<p>[et_pb_section fb_built=\u00a0\u00bb1&Prime; admin_label=\u00a0\u00bbHero\u00a0\u00bb _builder_version=\u00a0\u00bb4.27.4&Prime; use_background_color_gradient=\u00a0\u00bbon\u00a0\u00bb background_color_gradient_direction=\u00a0\u00bb90deg\u00a0\u00bb background_color_gradient_stops=\u00a0\u00bbrgba(0,0,0,0.4) 0%|rgba(0,0,0,0) 100%\u00a0\u00bb background_color_gradient_overlays_image=\u00a0\u00bbon\u00a0\u00bb background_color_gradient_start=\u00a0\u00bbrgba(0,0,0,0.4)\u00a0\u00bb background_color_gradient_end=\u00a0\u00bbrgba(0,0,0,0)\u00a0\u00bb background_image=\u00a0\u00bbhttps:\/\/www.cufmilano.com\/wp-content\/uploads\/2025\/06\/pagamenti-cufmilano3.jpg\u00a0\u00bb height=\u00a0\u00bb75vh\u00a0\u00bb height_tablet=\u00a0\u00bb\u00a0\u00bb height_phone=\u00a0\u00bb\u00a0\u00bb height_last_edited=\u00a0\u00bbon|phone\u00a0\u00bb custom_margin=\u00a0\u00bb0px||||false|false\u00a0\u00bb custom_padding=\u00a0\u00bb15vh|||10vw|false|false\u00a0\u00bb hover_enabled=\u00a0\u00bb0&Prime; locked=\u00a0\u00bboff\u00a0\u00bb global_colors_info=\u00a0\u00bb{}\u00a0\u00bb title_text=\u00a0\u00bbpagamenti-cufmilano3&Prime; sticky_enabled=\u00a0\u00bb0&Prime;][et_pb_row use_custom_gutter=\u00a0\u00bbon\u00a0\u00bb gutter_width=\u00a0\u00bb1&Prime; module_class=\u00a0\u00bb et_pb_row_fullwidth\u00a0\u00bb _builder_version=\u00a0\u00bb4.16&Prime; width=\u00a0\u00bb50%\u00a0\u00bb width_tablet=\u00a0\u00bb86%\u00a0\u00bb width_phone=\u00a0\u00bb90%\u00a0\u00bb width_last_edited=\u00a0\u00bbon|phone\u00a0\u00bb max_width=\u00a0\u00bb50%\u00a0\u00bb max_width_tablet=\u00a0\u00bb86%\u00a0\u00bb max_width_phone=\u00a0\u00bb90%\u00a0\u00bb max_width_last_edited=\u00a0\u00bbon|desktop\u00a0\u00bb module_alignment=\u00a0\u00bbleft\u00a0\u00bb custom_margin=\u00a0\u00bb|||\u00a0\u00bb custom_padding=\u00a0\u00bb|||\u00a0\u00bb make_fullwidth=\u00a0\u00bbon\u00a0\u00bb global_colors_info=\u00a0\u00bb{}\u00a0\u00bb][et_pb_column type=\u00a0\u00bb4_4&Prime; _builder_version=\u00a0\u00bb4.16&Prime; background_position=\u00a0\u00bbtop_left\u00a0\u00bb custom_padding=\u00a0\u00bb|||\u00a0\u00bb global_colors_info=\u00a0\u00bb{}\u00a0\u00bb custom_padding__hover=\u00a0\u00bb|||\u00a0\u00bb][et_pb_text admin_label=\u00a0\u00bbHero Title\u00a0\u00bb _builder_version=\u00a0\u00bb4.27.4&Prime; text_font=\u00a0\u00bb||||\u00a0\u00bb text_text_color=\u00a0\u00bb#1a1a1a\u00a0\u00bb header_font=\u00a0\u00bbOswald|on||on|\u00a0\u00bb header_text_align=\u00a0\u00bbleft\u00a0\u00bb header_font_size=\u00a0\u00bb60px\u00a0\u00bb header_line_height=\u00a0\u00bb1.3em\u00a0\u00bb header_2_font=\u00a0\u00bbLimelight||||||||\u00a0\u00bb header_2_font_size=\u00a0\u00bb80px\u00a0\u00bb header_2_letter_spacing=\u00a0\u00bb-4px\u00a0\u00bb header_3_font_size=\u00a0\u00bb27px\u00a0\u00bb header_3_line_height=\u00a0\u00bb1.5em\u00a0\u00bb background_layout=\u00a0\u00bbdark\u00a0\u00bb custom_margin=\u00a0\u00bb0px||0px||false|false\u00a0\u00bb custom_padding=\u00a0\u00bb0px|0px|0px|0px|false|false\u00a0\u00bb animation_style=\u00a0\u00bbslide\u00a0\u00bb animation_direction=\u00a0\u00bbtop\u00a0\u00bb animation_intensity_slide=\u00a0\u00bb10%\u00a0\u00bb header_2_font_size_tablet=\u00a0\u00bb\u00a0\u00bb header_2_font_size_phone=\u00a0\u00bb64px\u00a0\u00bb header_2_font_size_last_edited=\u00a0\u00bbon|desktop\u00a0\u00bb header_3_font_size_tablet=\u00a0\u00bb\u00a0\u00bb header_3_font_size_phone=\u00a0\u00bb24px\u00a0\u00bb header_3_font_size_last_edited=\u00a0\u00bbon|phone\u00a0\u00bb locked=\u00a0\u00bboff\u00a0\u00bb global_colors_info=\u00a0\u00bb{}\u00a0\u00bb]<\/p>\n<h2>Paiements<\/h2>\n<h3>pour les clients \u00e9trangers<\/h3>\n<p>[\/et_pb_text][\/et_pb_column][\/et_pb_row][\/et_pb_section][et_pb_section fb_built=\u00a0\u00bb1&Prime; _builder_version=\u00a0\u00bb4.16&Prime; custom_padding=\u00a0\u00bb4vw||6vw||false|false\u00a0\u00bb global_colors_info=\u00a0\u00bb{}\u00a0\u00bb][et_pb_row column_structure=\u00a0\u00bb1_2,1_2&Prime; _builder_version=\u00a0\u00bb4.16&Prime; global_colors_info=\u00a0\u00bb{}\u00a0\u00bb][et_pb_column type=\u00a0\u00bb1_2&Prime; _builder_version=\u00a0\u00bb4.16&Prime; custom_padding=\u00a0\u00bb|||\u00a0\u00bb global_colors_info=\u00a0\u00bb{}\u00a0\u00bb custom_padding__hover=\u00a0\u00bb|||\u00a0\u00bb][et_pb_text _builder_version=\u00a0\u00bb4.27.4&Prime; text_font=\u00a0\u00bb||||||||\u00a0\u00bb text_font_size=\u00a0\u00bb15px\u00a0\u00bb text_line_height=\u00a0\u00bb1.9em\u00a0\u00bb background_size=\u00a0\u00bbinitial\u00a0\u00bb background_position=\u00a0\u00bbtop_left\u00a0\u00bb background_repeat=\u00a0\u00bbrepeat\u00a0\u00bb custom_margin=\u00a0\u00bb0px||||false|false\u00a0\u00bb custom_padding=\u00a0\u00bb||0px||false|false\u00a0\u00bb animation_style=\u00a0\u00bbslide\u00a0\u00bb animation_direction=\u00a0\u00bbtop\u00a0\u00bb animation_delay=\u00a0\u00bb400ms\u00a0\u00bb animation_intensity_slide=\u00a0\u00bb4%\u00a0\u00bb locked=\u00a0\u00bboff\u00a0\u00bb global_colors_info=\u00a0\u00bb{}\u00a0\u00bb]<\/p>\n<p><strong>Cuf Milano<\/strong> offre aux clients \u00e9trangers la possibilit\u00e9 d&rsquo;effectuer des paiements diff\u00e9r\u00e9s jusqu&rsquo;\u00e0 <strong>180 jours<\/strong> par lettre de cr\u00e9dit.<\/p>\n<p>[\/et_pb_text][\/et_pb_column][et_pb_column type=\u00a0\u00bb1_2&Prime; _builder_version=\u00a0\u00bb4.16&Prime; custom_padding=\u00a0\u00bb|||\u00a0\u00bb global_colors_info=\u00a0\u00bb{}\u00a0\u00bb custom_padding__hover=\u00a0\u00bb|||\u00a0\u00bb][et_pb_image src=\u00a0\u00bbhttps:\/\/www.cufmilano.com\/wp-content\/uploads\/2025\/06\/pagamenti-esteri-cufmilano-banner.jpg\u00a0\u00bb alt=\u00a0\u00bbCUF Milano: Centrufficio\u00a0\u00bb title_text=\u00a0\u00bbpagamenti-esteri-cufmilano-banner\u00a0\u00bb force_fullwidth=\u00a0\u00bbon\u00a0\u00bb align_tablet=\u00a0\u00bbcenter\u00a0\u00bb align_phone=\u00a0\u00bb\u00a0\u00bb align_last_edited=\u00a0\u00bbon|desktop\u00a0\u00bb _builder_version=\u00a0\u00bb4.27.4&Prime; custom_margin=\u00a0\u00bb|||\u00a0\u00bb animation_style=\u00a0\u00bbslide\u00a0\u00bb animation_direction=\u00a0\u00bb%22fade_in%22&Prime; animation_duration=\u00a0\u00bb500ms\u00a0\u00bb animation_intensity_slide=\u00a0\u00bb10%\u00a0\u00bb hover_enabled=\u00a0\u00bb0&Prime; animation=\u00a0\u00bbfade_in\u00a0\u00bb global_colors_info=\u00a0\u00bb{}\u00a0\u00bb sticky_enabled=\u00a0\u00bb0&Prime;][\/et_pb_image][\/et_pb_column][\/et_pb_row][\/et_pb_section]<\/p>\n","protected":false},"excerpt":{"rendered":"<p>Paiements pour les clients \u00e9trangersCuf Milano offre aux clients \u00e9trangers la possibilit\u00e9 d&rsquo;effectuer des paiements diff\u00e9r\u00e9s jusqu&rsquo;\u00e0 180 jours par lettre de cr\u00e9dit.<\/p>\n","protected":false},"author":6,"featured_media":0,"parent":0,"menu_order":0,"comment_status":"closed","ping_status":"closed","template":"","meta":{"_et_pb_use_builder":"on","_et_pb_old_content":"","_et_gb_content_width":"","footnotes":""},"class_list":["post-280832","page","type-page","status-publish","hentry"],"yoast_head":"<!-- This site is optimized with the Yoast SEO plugin v27.4 - https:\/\/yoast.com\/product\/yoast-seo-wordpress\/ -->\n<title>Arredamento per Ufficio in Pronta Consegna | CUF Milano<\/title>\n<meta name=\"description\" content=\"CUF Milano dispone di tutti i prodotti di propria produzione in pronta consegna\" \/>\n<meta name=\"robots\" content=\"index, follow, max-snippet:-1, max-image-preview:large, max-video-preview:-1\" \/>\n<link rel=\"canonical\" href=\"https:\/\/www.cufmilano.com\/fr\/reglements\/\" \/>\n<meta property=\"og:locale\" content=\"fr_FR\" \/>\n<meta property=\"og:type\" content=\"article\" \/>\n<meta property=\"og:title\" content=\"Arredamento per Ufficio in Pronta Consegna | CUF Milano\" \/>\n<meta property=\"og:description\" content=\"CUF Milano dispone di tutti i prodotti di propria produzione in pronta consegna\" \/>\n<meta property=\"og:url\" content=\"https:\/\/www.cufmilano.com\/fr\/reglements\/\" \/>\n<meta property=\"og:site_name\" content=\"CUF Milano | Furnishing and Design Office Furniture\" \/>\n<meta property=\"article:modified_time\" content=\"2025-06-16T10:33:52+00:00\" \/>\n<meta name=\"twitter:card\" content=\"summary_large_image\" \/>\n<meta name=\"twitter:label1\" content=\"Dur\u00e9e de lecture estim\u00e9e\" \/>\n\t<meta name=\"twitter:data1\" content=\"1 minute\" \/>\n<script type=\"application\/ld+json\" class=\"yoast-schema-graph\">{\"@context\":\"https:\\\/\\\/schema.org\",\"@graph\":[{\"@type\":\"WebPage\",\"@id\":\"https:\\\/\\\/www.cufmilano.com\\\/fr\\\/reglements\\\/\",\"url\":\"https:\\\/\\\/www.cufmilano.com\\\/fr\\\/reglements\\\/\",\"name\":\"Arredamento per Ufficio in Pronta Consegna | CUF Milano\",\"isPartOf\":{\"@id\":\"https:\\\/\\\/www.cufmilano.com\\\/fr\\\/#website\"},\"datePublished\":\"2025-06-15T19:58:28+00:00\",\"dateModified\":\"2025-06-16T10:33:52+00:00\",\"description\":\"CUF Milano dispone di tutti i prodotti di propria produzione in pronta consegna\",\"breadcrumb\":{\"@id\":\"https:\\\/\\\/www.cufmilano.com\\\/fr\\\/reglements\\\/#breadcrumb\"},\"inLanguage\":\"fr-FR\",\"potentialAction\":[{\"@type\":\"ReadAction\",\"target\":[\"https:\\\/\\\/www.cufmilano.com\\\/fr\\\/reglements\\\/\"]}]},{\"@type\":\"BreadcrumbList\",\"@id\":\"https:\\\/\\\/www.cufmilano.com\\\/fr\\\/reglements\\\/#breadcrumb\",\"itemListElement\":[{\"@type\":\"ListItem\",\"position\":1,\"name\":\"Home\",\"item\":\"https:\\\/\\\/www.cufmilano.com\\\/fr\\\/\"},{\"@type\":\"ListItem\",\"position\":2,\"name\":\"R\u00e8glements\"}]},{\"@type\":\"WebSite\",\"@id\":\"https:\\\/\\\/www.cufmilano.com\\\/fr\\\/#website\",\"url\":\"https:\\\/\\\/www.cufmilano.com\\\/fr\\\/\",\"name\":\"CUF Milano | Furnishing and Design Office Furniture\",\"description\":\"CUF Milano is specialized in the sale and production of design office furniture, chairs, armchairs, cabinets and partitions.\",\"potentialAction\":[{\"@type\":\"SearchAction\",\"target\":{\"@type\":\"EntryPoint\",\"urlTemplate\":\"https:\\\/\\\/www.cufmilano.com\\\/fr\\\/?s={search_term_string}\"},\"query-input\":{\"@type\":\"PropertyValueSpecification\",\"valueRequired\":true,\"valueName\":\"search_term_string\"}}],\"inLanguage\":\"fr-FR\"}]}<\/script>\n<!-- \/ Yoast SEO plugin. -->","yoast_head_json":{"title":"Arredamento per Ufficio in Pronta Consegna | CUF Milano","description":"CUF Milano dispone di tutti i prodotti di propria produzione in pronta consegna","robots":{"index":"index","follow":"follow","max-snippet":"max-snippet:-1","max-image-preview":"max-image-preview:large","max-video-preview":"max-video-preview:-1"},"canonical":"https:\/\/www.cufmilano.com\/fr\/reglements\/","og_locale":"fr_FR","og_type":"article","og_title":"Arredamento per Ufficio in Pronta Consegna | CUF Milano","og_description":"CUF Milano dispone di tutti i prodotti di propria produzione in pronta consegna","og_url":"https:\/\/www.cufmilano.com\/fr\/reglements\/","og_site_name":"CUF Milano | Furnishing and Design Office Furniture","article_modified_time":"2025-06-16T10:33:52+00:00","twitter_card":"summary_large_image","twitter_misc":{"Dur\u00e9e de lecture estim\u00e9e":"1 minute"},"schema":{"@context":"https:\/\/schema.org","@graph":[{"@type":"WebPage","@id":"https:\/\/www.cufmilano.com\/fr\/reglements\/","url":"https:\/\/www.cufmilano.com\/fr\/reglements\/","name":"Arredamento per Ufficio in Pronta Consegna | CUF Milano","isPartOf":{"@id":"https:\/\/www.cufmilano.com\/fr\/#website"},"datePublished":"2025-06-15T19:58:28+00:00","dateModified":"2025-06-16T10:33:52+00:00","description":"CUF Milano dispone di tutti i prodotti di propria produzione in pronta consegna","breadcrumb":{"@id":"https:\/\/www.cufmilano.com\/fr\/reglements\/#breadcrumb"},"inLanguage":"fr-FR","potentialAction":[{"@type":"ReadAction","target":["https:\/\/www.cufmilano.com\/fr\/reglements\/"]}]},{"@type":"BreadcrumbList","@id":"https:\/\/www.cufmilano.com\/fr\/reglements\/#breadcrumb","itemListElement":[{"@type":"ListItem","position":1,"name":"Home","item":"https:\/\/www.cufmilano.com\/fr\/"},{"@type":"ListItem","position":2,"name":"R\u00e8glements"}]},{"@type":"WebSite","@id":"https:\/\/www.cufmilano.com\/fr\/#website","url":"https:\/\/www.cufmilano.com\/fr\/","name":"CUF Milano | Furnishing and Design Office Furniture","description":"CUF Milano is specialized in the sale and production of design office furniture, chairs, armchairs, cabinets and partitions.","potentialAction":[{"@type":"SearchAction","target":{"@type":"EntryPoint","urlTemplate":"https:\/\/www.cufmilano.com\/fr\/?s={search_term_string}"},"query-input":{"@type":"PropertyValueSpecification","valueRequired":true,"valueName":"search_term_string"}}],"inLanguage":"fr-FR"}]}},"_links":{"self":[{"href":"https:\/\/www.cufmilano.com\/fr\/wp-json\/wp\/v2\/pages\/280832","targetHints":{"allow":["GET"]}}],"collection":[{"href":"https:\/\/www.cufmilano.com\/fr\/wp-json\/wp\/v2\/pages"}],"about":[{"href":"https:\/\/www.cufmilano.com\/fr\/wp-json\/wp\/v2\/types\/page"}],"author":[{"embeddable":true,"href":"https:\/\/www.cufmilano.com\/fr\/wp-json\/wp\/v2\/users\/6"}],"replies":[{"embeddable":true,"href":"https:\/\/www.cufmilano.com\/fr\/wp-json\/wp\/v2\/comments?post=280832"}],"version-history":[{"count":0,"href":"https:\/\/www.cufmilano.com\/fr\/wp-json\/wp\/v2\/pages\/280832\/revisions"}],"wp:attachment":[{"href":"https:\/\/www.cufmilano.com\/fr\/wp-json\/wp\/v2\/media?parent=280832"}],"curies":[{"name":"wp","href":"https:\/\/api.w.org\/{rel}","templated":true}]}}