{"id":279836,"date":"2025-03-08T11:01:24","date_gmt":"2025-03-08T10:01:24","guid":{"rendered":"https:\/\/www.cufmilano.com\/?page_id=279836"},"modified":"2025-05-16T10:14:49","modified_gmt":"2025-05-16T08:14:49","slug":"richiesta-newsletter-inviata","status":"publish","type":"page","link":"https:\/\/www.cufmilano.com\/it\/richiesta-newsletter-inviata\/","title":{"rendered":"Richiesta newsletter inviata"},"content":{"rendered":"<p>[et_pb_section fb_built=&#8221;1&#8243; admin_label=&#8221;Hero&#8221; _builder_version=&#8221;4.27.4&#8243; background_color_gradient_direction=&#8221;360deg&#8221; background_color_gradient_start=&#8221;rgba(0,0,0,0)&#8221; background_color_gradient_end=&#8221;rgba(0,0,0,0)&#8221; background_image=&#8221;https:\/\/www.cufmilano.com\/wp-content\/uploads\/2025\/05\/invio-newsletter.webp&#8221; height=&#8221;75vh&#8221; custom_margin=&#8221;0px||||false|false&#8221; custom_padding=&#8221;5vh|||10vw|false|false&#8221; hover_enabled=&#8221;0&#8243; global_colors_info=&#8221;{}&#8221; title_text=&#8221;invio-newsletter&#8221; sticky_enabled=&#8221;0&#8243;][et_pb_row use_custom_gutter=&#8221;on&#8221; gutter_width=&#8221;1&#8243; module_class=&#8221; et_pb_row_fullwidth&#8221; _builder_version=&#8221;4.16&#8243; width=&#8221;100%&#8221; width_tablet=&#8221;100%&#8221; width_phone=&#8221;&#8221; width_last_edited=&#8221;on|desktop&#8221; max_width=&#8221;100%&#8221; max_width_tablet=&#8221;100%&#8221; max_width_phone=&#8221;&#8221; max_width_last_edited=&#8221;on|desktop&#8221; custom_margin=&#8221;|||&#8221; custom_padding=&#8221;|||&#8221; make_fullwidth=&#8221;on&#8221; global_colors_info=&#8221;{}&#8221;][et_pb_column type=&#8221;4_4&#8243; _builder_version=&#8221;4.16&#8243; background_position=&#8221;top_left&#8221; custom_padding=&#8221;|||&#8221; global_colors_info=&#8221;{}&#8221; custom_padding__hover=&#8221;|||&#8221;][et_pb_text admin_label=&#8221;Hero Title&#8221; _builder_version=&#8221;4.27.4&#8243; text_font=&#8221;||||&#8221; text_text_color=&#8221;#1a1a1a&#8221; header_font=&#8221;Oswald|on||on|&#8221; header_text_align=&#8221;left&#8221; header_font_size=&#8221;60px&#8221; header_line_height=&#8221;1.3em&#8221; header_2_font=&#8221;Limelight||||||||&#8221; header_2_text_color=&#8221;#000000&#8243; header_2_font_size=&#8221;50px&#8221; header_2_letter_spacing=&#8221;-2px&#8221; header_3_font=&#8221;||||||||&#8221; header_3_text_color=&#8221;#000000&#8243; header_3_font_size=&#8221;19px&#8221; header_3_line_height=&#8221;1.5em&#8221; background_layout=&#8221;dark&#8221; custom_margin=&#8221;0px||0px||false|false&#8221; custom_padding=&#8221;0px|0px|0px|0px|false|false&#8221; animation_style=&#8221;slide&#8221; animation_direction=&#8221;top&#8221; animation_intensity_slide=&#8221;10%&#8221; hover_enabled=&#8221;0&#8243; locked=&#8221;off&#8221; global_colors_info=&#8221;{}&#8221; sticky_enabled=&#8221;0&#8243; header_4_text_color=&#8221;#000000&#8243; header_4_font=&#8221;||on||||||&#8221; header_4_font_size=&#8221;19px&#8221; header_4_line_height=&#8221;1.5em&#8221;]<\/p>\n<h2>Newsletter Subscription<\/h2>\n<h3>Grazie per esserti iscritto alla nostra newsletter! Per completare la tua registrazione, clicca sul link allegato alla mail che riceverai a breve.<br \/>Se non la ricevi, ti invitiamo a controllare nella cartella dello spam.<\/h3>\n<h3>Thank you for subscribing to our newsletter! To complete your registration, click on the link attached to the e-mail you will receive shortly.<br \/>If you do not receive it, please check your spam folder.<\/h3>\n<h3>Merci de vous inscrire \u00e0 notre newsletter! Pour compl\u00e9ter votre inscription, cliquez sur le lien joint \u00e0 l&#8217;e-mail que vous recevrez prochainement.<br \/>Si vous ne le recevez pas, veuillez v\u00e9rifier votre dossier spam.<\/h3>\n<h4>A presto su Cufmilano.com \u2022 See you soon on Cufmilano.com \u2022 A bient\u00f4t sur Cufmilano.com<\/h4>\n<p>[\/et_pb_text][\/et_pb_column][\/et_pb_row][\/et_pb_section]<\/p>\n","protected":false},"excerpt":{"rendered":"<p>Newsletter Subscription Grazie per esserti iscritto alla nostra newsletter! Per completare la tua registrazione, clicca sul link allegato alla mail che riceverai a breve.Se non la ricevi, ti invitiamo a controllare nella cartella dello spam. Thank you for subscribing to our newsletter! To complete your registration, click on the link attached to the e-mail you [&hellip;]<\/p>\n","protected":false},"author":1,"featured_media":0,"parent":0,"menu_order":0,"comment_status":"closed","ping_status":"closed","template":"","meta":{"_et_pb_use_builder":"on","_et_pb_old_content":"","_et_gb_content_width":"","footnotes":""},"class_list":["post-279836","page","type-page","status-publish","hentry"],"yoast_head":"<!-- This site is optimized with the Yoast SEO plugin v27.4 - https:\/\/yoast.com\/product\/yoast-seo-wordpress\/ -->\n<title>Produzione Made in Italy | CUF Milano<\/title>\n<meta name=\"robots\" content=\"index, nofollow, max-snippet:-1, max-image-preview:large, max-video-preview:-1\" \/>\n<link rel=\"canonical\" href=\"https:\/\/www.cufmilano.com\/it\/richiesta-newsletter-inviata\/\" \/>\n<meta property=\"og:locale\" content=\"it_IT\" \/>\n<meta property=\"og:type\" content=\"article\" \/>\n<meta property=\"og:title\" content=\"Produzione Made in Italy | CUF Milano\" \/>\n<meta property=\"og:description\" content=\"Newsletter Subscription Grazie per esserti iscritto alla nostra newsletter! Per completare la tua registrazione, clicca sul link allegato alla mail che riceverai a breve.Se non la ricevi, ti invitiamo a controllare nella cartella dello spam. Thank you for subscribing to our newsletter! To complete your registration, click on the link attached to the e-mail you [&hellip;]\" \/>\n<meta property=\"og:url\" content=\"https:\/\/www.cufmilano.com\/it\/richiesta-newsletter-inviata\/\" \/>\n<meta property=\"og:site_name\" content=\"CUF Milano | Furnishing and Design Office Furniture\" \/>\n<meta property=\"article:modified_time\" content=\"2025-05-16T08:14:49+00:00\" \/>\n<meta name=\"twitter:card\" content=\"summary_large_image\" \/>\n<meta name=\"twitter:label1\" content=\"Tempo di lettura stimato\" \/>\n\t<meta name=\"twitter:data1\" content=\"1 minuto\" \/>\n<script type=\"application\/ld+json\" class=\"yoast-schema-graph\">{\"@context\":\"https:\\\/\\\/schema.org\",\"@graph\":[{\"@type\":\"WebPage\",\"@id\":\"https:\\\/\\\/www.cufmilano.com\\\/it\\\/richiesta-newsletter-inviata\\\/\",\"url\":\"https:\\\/\\\/www.cufmilano.com\\\/it\\\/richiesta-newsletter-inviata\\\/\",\"name\":\"Produzione Made in Italy | CUF Milano\",\"isPartOf\":{\"@id\":\"https:\\\/\\\/www.cufmilano.com\\\/it\\\/#website\"},\"datePublished\":\"2025-03-08T10:01:24+00:00\",\"dateModified\":\"2025-05-16T08:14:49+00:00\",\"breadcrumb\":{\"@id\":\"https:\\\/\\\/www.cufmilano.com\\\/it\\\/richiesta-newsletter-inviata\\\/#breadcrumb\"},\"inLanguage\":\"it-IT\",\"potentialAction\":[{\"@type\":\"ReadAction\",\"target\":[\"https:\\\/\\\/www.cufmilano.com\\\/it\\\/richiesta-newsletter-inviata\\\/\"]}]},{\"@type\":\"BreadcrumbList\",\"@id\":\"https:\\\/\\\/www.cufmilano.com\\\/it\\\/richiesta-newsletter-inviata\\\/#breadcrumb\",\"itemListElement\":[{\"@type\":\"ListItem\",\"position\":1,\"name\":\"Home\",\"item\":\"https:\\\/\\\/www.cufmilano.com\\\/it\\\/\"},{\"@type\":\"ListItem\",\"position\":2,\"name\":\"Richiesta newsletter inviata\"}]},{\"@type\":\"WebSite\",\"@id\":\"https:\\\/\\\/www.cufmilano.com\\\/it\\\/#website\",\"url\":\"https:\\\/\\\/www.cufmilano.com\\\/it\\\/\",\"name\":\"CUF Milano | Furnishing and Design Office Furniture\",\"description\":\"CUF Milano is specialized in the sale and production of design office furniture, chairs, armchairs, cabinets and partitions.\",\"potentialAction\":[{\"@type\":\"SearchAction\",\"target\":{\"@type\":\"EntryPoint\",\"urlTemplate\":\"https:\\\/\\\/www.cufmilano.com\\\/it\\\/?s={search_term_string}\"},\"query-input\":{\"@type\":\"PropertyValueSpecification\",\"valueRequired\":true,\"valueName\":\"search_term_string\"}}],\"inLanguage\":\"it-IT\"}]}<\/script>\n<!-- \/ Yoast SEO plugin. -->","yoast_head_json":{"title":"Produzione Made in Italy | CUF Milano","robots":{"index":"index","follow":"nofollow","max-snippet":"max-snippet:-1","max-image-preview":"max-image-preview:large","max-video-preview":"max-video-preview:-1"},"canonical":"https:\/\/www.cufmilano.com\/it\/richiesta-newsletter-inviata\/","og_locale":"it_IT","og_type":"article","og_title":"Produzione Made in Italy | CUF Milano","og_description":"Newsletter Subscription Grazie per esserti iscritto alla nostra newsletter! Per completare la tua registrazione, clicca sul link allegato alla mail che riceverai a breve.Se non la ricevi, ti invitiamo a controllare nella cartella dello spam. Thank you for subscribing to our newsletter! To complete your registration, click on the link attached to the e-mail you [&hellip;]","og_url":"https:\/\/www.cufmilano.com\/it\/richiesta-newsletter-inviata\/","og_site_name":"CUF Milano | Furnishing and Design Office Furniture","article_modified_time":"2025-05-16T08:14:49+00:00","twitter_card":"summary_large_image","twitter_misc":{"Tempo di lettura stimato":"1 minuto"},"schema":{"@context":"https:\/\/schema.org","@graph":[{"@type":"WebPage","@id":"https:\/\/www.cufmilano.com\/it\/richiesta-newsletter-inviata\/","url":"https:\/\/www.cufmilano.com\/it\/richiesta-newsletter-inviata\/","name":"Produzione Made in Italy | CUF Milano","isPartOf":{"@id":"https:\/\/www.cufmilano.com\/it\/#website"},"datePublished":"2025-03-08T10:01:24+00:00","dateModified":"2025-05-16T08:14:49+00:00","breadcrumb":{"@id":"https:\/\/www.cufmilano.com\/it\/richiesta-newsletter-inviata\/#breadcrumb"},"inLanguage":"it-IT","potentialAction":[{"@type":"ReadAction","target":["https:\/\/www.cufmilano.com\/it\/richiesta-newsletter-inviata\/"]}]},{"@type":"BreadcrumbList","@id":"https:\/\/www.cufmilano.com\/it\/richiesta-newsletter-inviata\/#breadcrumb","itemListElement":[{"@type":"ListItem","position":1,"name":"Home","item":"https:\/\/www.cufmilano.com\/it\/"},{"@type":"ListItem","position":2,"name":"Richiesta newsletter inviata"}]},{"@type":"WebSite","@id":"https:\/\/www.cufmilano.com\/it\/#website","url":"https:\/\/www.cufmilano.com\/it\/","name":"CUF Milano | Furnishing and Design Office Furniture","description":"CUF Milano is specialized in the sale and production of design office furniture, chairs, armchairs, cabinets and partitions.","potentialAction":[{"@type":"SearchAction","target":{"@type":"EntryPoint","urlTemplate":"https:\/\/www.cufmilano.com\/it\/?s={search_term_string}"},"query-input":{"@type":"PropertyValueSpecification","valueRequired":true,"valueName":"search_term_string"}}],"inLanguage":"it-IT"}]}},"_links":{"self":[{"href":"https:\/\/www.cufmilano.com\/it\/wp-json\/wp\/v2\/pages\/279836","targetHints":{"allow":["GET"]}}],"collection":[{"href":"https:\/\/www.cufmilano.com\/it\/wp-json\/wp\/v2\/pages"}],"about":[{"href":"https:\/\/www.cufmilano.com\/it\/wp-json\/wp\/v2\/types\/page"}],"author":[{"embeddable":true,"href":"https:\/\/www.cufmilano.com\/it\/wp-json\/wp\/v2\/users\/1"}],"replies":[{"embeddable":true,"href":"https:\/\/www.cufmilano.com\/it\/wp-json\/wp\/v2\/comments?post=279836"}],"version-history":[{"count":0,"href":"https:\/\/www.cufmilano.com\/it\/wp-json\/wp\/v2\/pages\/279836\/revisions"}],"wp:attachment":[{"href":"https:\/\/www.cufmilano.com\/it\/wp-json\/wp\/v2\/media?parent=279836"}],"curies":[{"name":"wp","href":"https:\/\/api.w.org\/{rel}","templated":true}]}}